{"id":8543,"date":"2015-04-20T11:27:27","date_gmt":"2015-04-20T09:27:27","guid":{"rendered":"http:\/\/dandie-dinmont.de\/wp\/?page_id=8543"},"modified":"2023-07-16T17:46:39","modified_gmt":"2023-07-16T15:46:39","slug":"dandie-journal-bestellen","status":"publish","type":"page","link":"https:\/\/dandie-dinmont.de\/wp\/rasse\/dandie-journal\/dandie-journal-bestellen\/","title":{"rendered":"European Dandie Journal bestellen!"},"content":{"rendered":"<p>F\u00fcr interessierte Dandie Dinmont-Terrier-Freunde stehen <span style=\"text-decoration: underline;\">noch einige wenige neue, komplette S\u00e4tze<\/span> des <strong>European Dandie Journal<\/strong> zur Verf\u00fcgung.<\/p>\n<p>Wer Interesse hat vieles \u00fcber Dandie Dinmont Terrier zu erfahren und damit ein St\u00fcck europ\u00e4ische Zeitgeschichte \u00fcber unsere Rasse zu erleben, f\u00fcr denjenigen habe ich folgendes Angebot:<\/p>\n<p><a href=\"https:\/\/dandie-dinmont.de\/wp\/wp-content\/uploads\/2015\/04\/DandieJournalcol1.jpg\"><img loading=\"lazy\" class=\"alignnone wp-image-8259 size-medium\" src=\"https:\/\/dandie-dinmont.de\/wp\/wp-content\/uploads\/2015\/04\/DandieJournalcol1-300x183.jpg\" alt=\"DandieJournalcol\" width=\"300\" height=\"183\" srcset=\"https:\/\/dandie-dinmont.de\/wp\/wp-content\/uploads\/2015\/04\/DandieJournalcol1-300x183.jpg 300w, https:\/\/dandie-dinmont.de\/wp\/wp-content\/uploads\/2015\/04\/DandieJournalcol1-150x92.jpg 150w, https:\/\/dandie-dinmont.de\/wp\/wp-content\/uploads\/2015\/04\/DandieJournalcol1.jpg 800w\" sizes=\"(max-width: 300px) 100vw, 300px\" \/><\/a><\/p>\n<p><span style=\"font-size: 18pt;\"><strong>European Dandie Journal<br \/>\n<\/strong> 7 Ausgaben, neu, mit insgesamt 308 Seiten DIN A4,<br \/>\nzum Preise von<\/span><\/p>\n<p><span style=\"font-size: 18pt;\"><strong>20,00 \u20ac<\/strong> <\/span><\/p>\n<p>+ Deutschland &#8211; Versandkosten\/P\u00e4ckchen<br \/>\n+ EU &#8211; Versandkosten\/P\u00e4ckchen<br \/>\n+ Weltweit &#8211; Versandkosten\/P\u00e4ckchen<\/p>\n<p>Bestellen Sie bitte per Mail und Ihrer kompletten Postanschrift:<br \/>\nrosenbaum@dandie-dinmont.de<\/p>\n","protected":false},"excerpt":{"rendered":"<p>F\u00fcr interessierte Dandie Dinmont-Terrier-Freunde stehen noch einige wenige neue, komplette S\u00e4tze des European Dandie Journal zur Verf\u00fcgung. Wer Interesse hat vieles \u00fcber Dandie Dinmont Terrier &hellip;<\/p>\n","protected":false},"author":2,"featured_media":0,"parent":8069,"menu_order":1,"comment_status":"closed","ping_status":"closed","template":"","meta":{"_links_to":"","_links_to_target":""},"yoast_head":"<!-- This site is optimized with the Yoast SEO plugin v17.2.1 - https:\/\/yoast.com\/wordpress\/plugins\/seo\/ -->\n<title>European Dandie Journal bestellen! -<\/title>\n<meta name=\"robots\" content=\"index, follow, max-snippet:-1, max-image-preview:large, max-video-preview:-1\" \/>\n<link rel=\"canonical\" href=\"https:\/\/dandie-dinmont.de\/wp\/rasse\/dandie-journal\/dandie-journal-bestellen\/\" \/>\n<meta property=\"og:locale\" content=\"de_DE\" \/>\n<meta property=\"og:type\" content=\"article\" \/>\n<meta property=\"og:title\" content=\"European Dandie Journal bestellen! -\" \/>\n<meta property=\"og:description\" content=\"F\u00fcr interessierte Dandie Dinmont-Terrier-Freunde stehen noch einige wenige neue, komplette S\u00e4tze des European Dandie Journal zur Verf\u00fcgung. Wer Interesse hat vieles \u00fcber Dandie Dinmont Terrier &hellip;\" \/>\n<meta property=\"og:url\" content=\"https:\/\/dandie-dinmont.de\/wp\/rasse\/dandie-journal\/dandie-journal-bestellen\/\" \/>\n<meta property=\"article:publisher\" content=\"https:\/\/www.facebook.com\/manfred.rosenbaum.GermanDandies\" \/>\n<meta property=\"article:modified_time\" content=\"2023-07-16T15:46:39+00:00\" \/>\n<meta property=\"og:image\" content=\"http:\/\/dandie-dinmont.de\/wp\/wp-content\/uploads\/2015\/04\/DandieJournalcol1-300x183.jpg\" \/>\n<meta name=\"twitter:card\" content=\"summary\" \/>\n<meta name=\"twitter:label1\" content=\"Gesch\u00e4tzte Lesezeit\" \/>\n\t<meta name=\"twitter:data1\" content=\"1\u00a0Minute\" \/>\n<script type=\"application\/ld+json\" class=\"yoast-schema-graph\">{\"@context\":\"https:\/\/schema.org\",\"@graph\":[{\"@type\":\"WebSite\",\"@id\":\"https:\/\/dandie-dinmont.de\/wp\/#website\",\"url\":\"https:\/\/dandie-dinmont.de\/wp\/\",\"name\":\"\",\"description\":\"Dandie Dinmont Terrier\",\"potentialAction\":[{\"@type\":\"SearchAction\",\"target\":{\"@type\":\"EntryPoint\",\"urlTemplate\":\"https:\/\/dandie-dinmont.de\/wp\/?s={search_term_string}\"},\"query-input\":\"required name=search_term_string\"}],\"inLanguage\":\"de\"},{\"@type\":\"ImageObject\",\"@id\":\"https:\/\/dandie-dinmont.de\/wp\/rasse\/dandie-journal\/dandie-journal-bestellen\/#primaryimage\",\"inLanguage\":\"de\",\"url\":\"http:\/\/dandie-dinmont.de\/wp\/wp-content\/uploads\/2015\/04\/DandieJournalcol1-300x183.jpg\",\"contentUrl\":\"http:\/\/dandie-dinmont.de\/wp\/wp-content\/uploads\/2015\/04\/DandieJournalcol1-300x183.jpg\"},{\"@type\":\"WebPage\",\"@id\":\"https:\/\/dandie-dinmont.de\/wp\/rasse\/dandie-journal\/dandie-journal-bestellen\/#webpage\",\"url\":\"https:\/\/dandie-dinmont.de\/wp\/rasse\/dandie-journal\/dandie-journal-bestellen\/\",\"name\":\"European Dandie Journal bestellen! -\",\"isPartOf\":{\"@id\":\"https:\/\/dandie-dinmont.de\/wp\/#website\"},\"primaryImageOfPage\":{\"@id\":\"https:\/\/dandie-dinmont.de\/wp\/rasse\/dandie-journal\/dandie-journal-bestellen\/#primaryimage\"},\"datePublished\":\"2015-04-20T09:27:27+00:00\",\"dateModified\":\"2023-07-16T15:46:39+00:00\",\"breadcrumb\":{\"@id\":\"https:\/\/dandie-dinmont.de\/wp\/rasse\/dandie-journal\/dandie-journal-bestellen\/#breadcrumb\"},\"inLanguage\":\"de\",\"potentialAction\":[{\"@type\":\"ReadAction\",\"target\":[\"https:\/\/dandie-dinmont.de\/wp\/rasse\/dandie-journal\/dandie-journal-bestellen\/\"]}]},{\"@type\":\"BreadcrumbList\",\"@id\":\"https:\/\/dandie-dinmont.de\/wp\/rasse\/dandie-journal\/dandie-journal-bestellen\/#breadcrumb\",\"itemListElement\":[{\"@type\":\"ListItem\",\"position\":1,\"name\":\"Home\",\"item\":\"https:\/\/dandie-dinmont.de\/wp\/\"},{\"@type\":\"ListItem\",\"position\":2,\"name\":\"Rasse\",\"item\":\"https:\/\/dandie-dinmont.de\/wp\/rasse\/\"},{\"@type\":\"ListItem\",\"position\":3,\"name\":\"European Dandie Journal\",\"item\":\"https:\/\/dandie-dinmont.de\/wp\/rasse\/dandie-journal\/\"},{\"@type\":\"ListItem\",\"position\":4,\"name\":\"European Dandie Journal bestellen!\"}]}]}<\/script>\n<!-- \/ Yoast SEO plugin. -->","yoast_head_json":{"title":"European Dandie Journal bestellen! -","robots":{"index":"index","follow":"follow","max-snippet":"max-snippet:-1","max-image-preview":"max-image-preview:large","max-video-preview":"max-video-preview:-1"},"canonical":"https:\/\/dandie-dinmont.de\/wp\/rasse\/dandie-journal\/dandie-journal-bestellen\/","og_locale":"de_DE","og_type":"article","og_title":"European Dandie Journal bestellen! -","og_description":"F\u00fcr interessierte Dandie Dinmont-Terrier-Freunde stehen noch einige wenige neue, komplette S\u00e4tze des European Dandie Journal zur Verf\u00fcgung. Wer Interesse hat vieles \u00fcber Dandie Dinmont Terrier &hellip;","og_url":"https:\/\/dandie-dinmont.de\/wp\/rasse\/dandie-journal\/dandie-journal-bestellen\/","article_publisher":"https:\/\/www.facebook.com\/manfred.rosenbaum.GermanDandies","article_modified_time":"2023-07-16T15:46:39+00:00","og_image":[{"url":"http:\/\/dandie-dinmont.de\/wp\/wp-content\/uploads\/2015\/04\/DandieJournalcol1-300x183.jpg"}],"twitter_card":"summary","twitter_misc":{"Gesch\u00e4tzte Lesezeit":"1\u00a0Minute"},"schema":{"@context":"https:\/\/schema.org","@graph":[{"@type":"WebSite","@id":"https:\/\/dandie-dinmont.de\/wp\/#website","url":"https:\/\/dandie-dinmont.de\/wp\/","name":"","description":"Dandie Dinmont Terrier","potentialAction":[{"@type":"SearchAction","target":{"@type":"EntryPoint","urlTemplate":"https:\/\/dandie-dinmont.de\/wp\/?s={search_term_string}"},"query-input":"required name=search_term_string"}],"inLanguage":"de"},{"@type":"ImageObject","@id":"https:\/\/dandie-dinmont.de\/wp\/rasse\/dandie-journal\/dandie-journal-bestellen\/#primaryimage","inLanguage":"de","url":"http:\/\/dandie-dinmont.de\/wp\/wp-content\/uploads\/2015\/04\/DandieJournalcol1-300x183.jpg","contentUrl":"http:\/\/dandie-dinmont.de\/wp\/wp-content\/uploads\/2015\/04\/DandieJournalcol1-300x183.jpg"},{"@type":"WebPage","@id":"https:\/\/dandie-dinmont.de\/wp\/rasse\/dandie-journal\/dandie-journal-bestellen\/#webpage","url":"https:\/\/dandie-dinmont.de\/wp\/rasse\/dandie-journal\/dandie-journal-bestellen\/","name":"European Dandie Journal bestellen! -","isPartOf":{"@id":"https:\/\/dandie-dinmont.de\/wp\/#website"},"primaryImageOfPage":{"@id":"https:\/\/dandie-dinmont.de\/wp\/rasse\/dandie-journal\/dandie-journal-bestellen\/#primaryimage"},"datePublished":"2015-04-20T09:27:27+00:00","dateModified":"2023-07-16T15:46:39+00:00","breadcrumb":{"@id":"https:\/\/dandie-dinmont.de\/wp\/rasse\/dandie-journal\/dandie-journal-bestellen\/#breadcrumb"},"inLanguage":"de","potentialAction":[{"@type":"ReadAction","target":["https:\/\/dandie-dinmont.de\/wp\/rasse\/dandie-journal\/dandie-journal-bestellen\/"]}]},{"@type":"BreadcrumbList","@id":"https:\/\/dandie-dinmont.de\/wp\/rasse\/dandie-journal\/dandie-journal-bestellen\/#breadcrumb","itemListElement":[{"@type":"ListItem","position":1,"name":"Home","item":"https:\/\/dandie-dinmont.de\/wp\/"},{"@type":"ListItem","position":2,"name":"Rasse","item":"https:\/\/dandie-dinmont.de\/wp\/rasse\/"},{"@type":"ListItem","position":3,"name":"European Dandie Journal","item":"https:\/\/dandie-dinmont.de\/wp\/rasse\/dandie-journal\/"},{"@type":"ListItem","position":4,"name":"European Dandie Journal bestellen!"}]}]}},"_links":{"self":[{"href":"https:\/\/dandie-dinmont.de\/wp\/wp-json\/wp\/v2\/pages\/8543"}],"collection":[{"href":"https:\/\/dandie-dinmont.de\/wp\/wp-json\/wp\/v2\/pages"}],"about":[{"href":"https:\/\/dandie-dinmont.de\/wp\/wp-json\/wp\/v2\/types\/page"}],"author":[{"embeddable":true,"href":"https:\/\/dandie-dinmont.de\/wp\/wp-json\/wp\/v2\/users\/2"}],"replies":[{"embeddable":true,"href":"https:\/\/dandie-dinmont.de\/wp\/wp-json\/wp\/v2\/comments?post=8543"}],"version-history":[{"count":8,"href":"https:\/\/dandie-dinmont.de\/wp\/wp-json\/wp\/v2\/pages\/8543\/revisions"}],"predecessor-version":[{"id":20324,"href":"https:\/\/dandie-dinmont.de\/wp\/wp-json\/wp\/v2\/pages\/8543\/revisions\/20324"}],"up":[{"embeddable":true,"href":"https:\/\/dandie-dinmont.de\/wp\/wp-json\/wp\/v2\/pages\/8069"}],"wp:attachment":[{"href":"https:\/\/dandie-dinmont.de\/wp\/wp-json\/wp\/v2\/media?parent=8543"}],"curies":[{"name":"wp","href":"https:\/\/api.w.org\/{rel}","templated":true}]}}