{"id":828,"date":"2013-11-11T15:23:19","date_gmt":"2013-11-11T13:23:19","guid":{"rendered":"http:\/\/dandie-dinmont.de\/wp\/?page_id=828"},"modified":"2024-01-02T16:22:14","modified_gmt":"2024-01-02T14:22:14","slug":"welpen-3","status":"publish","type":"page","link":"https:\/\/dandie-dinmont.de\/wp\/welpen-3\/","title":{"rendered":"Welpen"},"content":{"rendered":"<blockquote><p><strong><span style=\"font-size: 14pt;\">Bevor Sie sich f\u00fcr einen Welpen aus unserem Kennel entscheiden, haben Sie es sich genau \u00fcberlegt was es bedeutet einen Welpen, einen Hund in Ihr Zuhause aufzunehen?<\/span><\/p>\n<p>Und, wer sich f\u00fcr ein Zusammenleben mit einem Hund entscheidet, sollte sich darauf gr\u00fcndlich vorbereiten. Er sollte sich auch die Zeit nehmen genau den Hund zu suchen und zu finden der mit seinen Eigenschaften und Anforderungen zu sich und seiner Familie passt.<\/strong><\/p><\/blockquote>\n<p><span style=\"font-size: 10pt;\">Ist nach reiflicher \u00dcberlegung der Dandie Dinmont Terrier der richtige Hund f\u00fcr Sie und Ihr Leben, dann lesen Sie bitte weiter und sehen Sie wie und wonach wir unsere geliebten Dandies z\u00fcchten:<\/span><\/p>\n<p><span style=\"font-size: 10pt;\">Unser Ziel ist, rassegerechten, gesunden und mit allerbestem Wesen ausgerichteten Nachwuchs zu z\u00fcchten und mit viel Liebe und Sachverstand, unter Beachtung und Einhaltung der in dieser Zeit relevanten Pr\u00e4gungsstufen, aufzuziehen. Um sich derart entwickelnde Welpen zu z\u00fcchten sind wir immer bestrebt in unserem speziellen Zuchtraum beste Voraussetzungen, Ruhe und Geborgenheit zu schaffen. Dazu \u2013 geh\u00f6rt nat\u00fcrlich auch ein Zuchtr\u00fcde der diese Voraussetzungen erf\u00fcllen sollte, und daf\u00fcr ist uns auch kein Weg zu weit einen solchen Partner f\u00fcr unsere Zuchth\u00fcndin unter den besten Zuchtr\u00fcden auszuw\u00e4hlen.<\/span><\/p>\n<p><span style=\"font-size: 10pt;\">In der &#8218;Bundesliga&#8216; der Hundez\u00fcchter, im FCI\/VDH\/KfT, darf nur mit gesunden, verhaltenssicheren Hunden gez\u00fcchtet werden, die im Zuchtbuch eingetragen sind und die vom KfT festgelegten Zuchtvoraussetzungen f\u00fcr die jeweilige Rasse erf\u00fcllen. Insofern und insoweit haben <strong>alle<\/strong> unsere Hunde die Zuchttauglichkeitspr\u00fcfungen beziehungsweise K\u00f6rungen und erforderlichen Gesundheits- und Wesensteste erfolgreich bestanden.<\/span><\/p>\n","protected":false},"excerpt":{"rendered":"<p>Bevor Sie sich f\u00fcr einen Welpen aus unserem Kennel entscheiden, haben Sie es sich genau \u00fcberlegt was es bedeutet einen Welpen, einen Hund in Ihr &hellip;<\/p>\n","protected":false},"author":2,"featured_media":0,"parent":0,"menu_order":0,"comment_status":"closed","ping_status":"open","template":"","meta":{"_links_to":"","_links_to_target":""},"yoast_head":"<!-- This site is optimized with the Yoast SEO plugin v17.2.1 - https:\/\/yoast.com\/wordpress\/plugins\/seo\/ -->\n<title>Welpen -<\/title>\n<meta name=\"robots\" content=\"index, follow, max-snippet:-1, max-image-preview:large, max-video-preview:-1\" \/>\n<link rel=\"canonical\" href=\"https:\/\/dandie-dinmont.de\/wp\/welpen-3\/\" \/>\n<meta property=\"og:locale\" content=\"de_DE\" \/>\n<meta property=\"og:type\" content=\"article\" \/>\n<meta property=\"og:title\" content=\"Welpen -\" \/>\n<meta property=\"og:description\" content=\"Bevor Sie sich f\u00fcr einen Welpen aus unserem Kennel entscheiden, haben Sie es sich genau \u00fcberlegt was es bedeutet einen Welpen, einen Hund in Ihr &hellip;\" \/>\n<meta property=\"og:url\" content=\"https:\/\/dandie-dinmont.de\/wp\/welpen-3\/\" \/>\n<meta property=\"article:publisher\" content=\"https:\/\/www.facebook.com\/manfred.rosenbaum.GermanDandies\" \/>\n<meta property=\"article:modified_time\" content=\"2024-01-02T14:22:14+00:00\" \/>\n<meta name=\"twitter:card\" content=\"summary\" \/>\n<meta name=\"twitter:label1\" content=\"Gesch\u00e4tzte Lesezeit\" \/>\n\t<meta name=\"twitter:data1\" content=\"2\u00a0Minuten\" \/>\n<script type=\"application\/ld+json\" class=\"yoast-schema-graph\">{\"@context\":\"https:\/\/schema.org\",\"@graph\":[{\"@type\":\"WebSite\",\"@id\":\"https:\/\/dandie-dinmont.de\/wp\/#website\",\"url\":\"https:\/\/dandie-dinmont.de\/wp\/\",\"name\":\"\",\"description\":\"Dandie Dinmont Terrier\",\"potentialAction\":[{\"@type\":\"SearchAction\",\"target\":{\"@type\":\"EntryPoint\",\"urlTemplate\":\"https:\/\/dandie-dinmont.de\/wp\/?s={search_term_string}\"},\"query-input\":\"required name=search_term_string\"}],\"inLanguage\":\"de\"},{\"@type\":\"WebPage\",\"@id\":\"https:\/\/dandie-dinmont.de\/wp\/welpen-3\/#webpage\",\"url\":\"https:\/\/dandie-dinmont.de\/wp\/welpen-3\/\",\"name\":\"Welpen -\",\"isPartOf\":{\"@id\":\"https:\/\/dandie-dinmont.de\/wp\/#website\"},\"datePublished\":\"2013-11-11T13:23:19+00:00\",\"dateModified\":\"2024-01-02T14:22:14+00:00\",\"breadcrumb\":{\"@id\":\"https:\/\/dandie-dinmont.de\/wp\/welpen-3\/#breadcrumb\"},\"inLanguage\":\"de\",\"potentialAction\":[{\"@type\":\"ReadAction\",\"target\":[\"https:\/\/dandie-dinmont.de\/wp\/welpen-3\/\"]}]},{\"@type\":\"BreadcrumbList\",\"@id\":\"https:\/\/dandie-dinmont.de\/wp\/welpen-3\/#breadcrumb\",\"itemListElement\":[{\"@type\":\"ListItem\",\"position\":1,\"name\":\"Home\",\"item\":\"https:\/\/dandie-dinmont.de\/wp\/\"},{\"@type\":\"ListItem\",\"position\":2,\"name\":\"Welpen\"}]}]}<\/script>\n<!-- \/ Yoast SEO plugin. -->","yoast_head_json":{"title":"Welpen -","robots":{"index":"index","follow":"follow","max-snippet":"max-snippet:-1","max-image-preview":"max-image-preview:large","max-video-preview":"max-video-preview:-1"},"canonical":"https:\/\/dandie-dinmont.de\/wp\/welpen-3\/","og_locale":"de_DE","og_type":"article","og_title":"Welpen -","og_description":"Bevor Sie sich f\u00fcr einen Welpen aus unserem Kennel entscheiden, haben Sie es sich genau \u00fcberlegt was es bedeutet einen Welpen, einen Hund in Ihr &hellip;","og_url":"https:\/\/dandie-dinmont.de\/wp\/welpen-3\/","article_publisher":"https:\/\/www.facebook.com\/manfred.rosenbaum.GermanDandies","article_modified_time":"2024-01-02T14:22:14+00:00","twitter_card":"summary","twitter_misc":{"Gesch\u00e4tzte Lesezeit":"2\u00a0Minuten"},"schema":{"@context":"https:\/\/schema.org","@graph":[{"@type":"WebSite","@id":"https:\/\/dandie-dinmont.de\/wp\/#website","url":"https:\/\/dandie-dinmont.de\/wp\/","name":"","description":"Dandie Dinmont Terrier","potentialAction":[{"@type":"SearchAction","target":{"@type":"EntryPoint","urlTemplate":"https:\/\/dandie-dinmont.de\/wp\/?s={search_term_string}"},"query-input":"required name=search_term_string"}],"inLanguage":"de"},{"@type":"WebPage","@id":"https:\/\/dandie-dinmont.de\/wp\/welpen-3\/#webpage","url":"https:\/\/dandie-dinmont.de\/wp\/welpen-3\/","name":"Welpen -","isPartOf":{"@id":"https:\/\/dandie-dinmont.de\/wp\/#website"},"datePublished":"2013-11-11T13:23:19+00:00","dateModified":"2024-01-02T14:22:14+00:00","breadcrumb":{"@id":"https:\/\/dandie-dinmont.de\/wp\/welpen-3\/#breadcrumb"},"inLanguage":"de","potentialAction":[{"@type":"ReadAction","target":["https:\/\/dandie-dinmont.de\/wp\/welpen-3\/"]}]},{"@type":"BreadcrumbList","@id":"https:\/\/dandie-dinmont.de\/wp\/welpen-3\/#breadcrumb","itemListElement":[{"@type":"ListItem","position":1,"name":"Home","item":"https:\/\/dandie-dinmont.de\/wp\/"},{"@type":"ListItem","position":2,"name":"Welpen"}]}]}},"_links":{"self":[{"href":"https:\/\/dandie-dinmont.de\/wp\/wp-json\/wp\/v2\/pages\/828"}],"collection":[{"href":"https:\/\/dandie-dinmont.de\/wp\/wp-json\/wp\/v2\/pages"}],"about":[{"href":"https:\/\/dandie-dinmont.de\/wp\/wp-json\/wp\/v2\/types\/page"}],"author":[{"embeddable":true,"href":"https:\/\/dandie-dinmont.de\/wp\/wp-json\/wp\/v2\/users\/2"}],"replies":[{"embeddable":true,"href":"https:\/\/dandie-dinmont.de\/wp\/wp-json\/wp\/v2\/comments?post=828"}],"version-history":[{"count":29,"href":"https:\/\/dandie-dinmont.de\/wp\/wp-json\/wp\/v2\/pages\/828\/revisions"}],"predecessor-version":[{"id":20351,"href":"https:\/\/dandie-dinmont.de\/wp\/wp-json\/wp\/v2\/pages\/828\/revisions\/20351"}],"wp:attachment":[{"href":"https:\/\/dandie-dinmont.de\/wp\/wp-json\/wp\/v2\/media?parent=828"}],"curies":[{"name":"wp","href":"https:\/\/api.w.org\/{rel}","templated":true}]}}