{"id":496,"date":"2013-11-08T15:23:25","date_gmt":"2013-11-08T13:23:25","guid":{"rendered":"http:\/\/dandie-dinmont.de\/wp\/?page_id=496"},"modified":"2016-03-19T11:40:14","modified_gmt":"2016-03-19T09:40:14","slug":"der-dandie-in-der-werbung","status":"publish","type":"page","link":"https:\/\/dandie-dinmont.de\/wp\/unterhaltung\/der-dandie-in-der-werbung\/","title":{"rendered":"Dandie in der Werbung"},"content":{"rendered":"<p>Man mag es kaum glauben, aber der Dandie Dinmont Terrier besitzt auch f\u00fcr die Werbeindustrie viel Attraktivit\u00e4t. Durch die Mithilfe einiger Dandiefreunde ist es uns gelungen, einige Beispiele daf\u00fcr zu sammeln. Im <strong>&#8218;Dandie Journal&#8216; <\/strong>(1995-1998), einer zweisprachigen Zeitschrift f\u00fcr Dandiefreunde in aller Welt, wurden diese Exponate bereits ver\u00f6ffentlicht.<\/p>\n<table style=\"width: 100%;\" border=\"0\">\n<tbody>\n<tr>\n<td align=\"right\" valign=\"middle\"><span style=\"font-size: large;\"><strong>Eukanuba <\/strong><\/span><strong> &#8211; <\/strong>Leitfaden f\u00fcr die Ern\u00e4hrung von Hunden<br \/>\nFoto: CH German Dandies&#8216; Earl of Speedy 1994<\/td>\n<td style=\"width: 240px;\" align=\"right\"><a title=\"Eukanuba - Leitfaden f\u00fcr die Ern\u00e4hrung von Hunden\" href=\"https:\/\/dandie-dinmont.de\/wp\/wp-content\/uploads\/2013\/12\/speedy_600.jpg\"><img loading=\"lazy\" class=\"aligncenter size-medium wp-image-3442\" title=\"Eukanuba - Leitfaden f\u00fcr die Ern\u00e4hrung von Hunden\" src=\"https:\/\/dandie-dinmont.de\/wp\/wp-content\/uploads\/2013\/12\/speedy_600-270x300.jpg\" alt=\"speedy_600\" width=\"270\" height=\"300\" srcset=\"https:\/\/dandie-dinmont.de\/wp\/wp-content\/uploads\/2013\/12\/speedy_600-270x300.jpg 270w, https:\/\/dandie-dinmont.de\/wp\/wp-content\/uploads\/2013\/12\/speedy_600-135x150.jpg 135w, https:\/\/dandie-dinmont.de\/wp\/wp-content\/uploads\/2013\/12\/speedy_600.jpg 600w\" sizes=\"(max-width: 270px) 100vw, 270px\" \/><\/a><\/td>\n<\/tr>\n<\/tbody>\n<\/table>\n<table style=\"width: 100%;\" border=\"0\">\n<tbody>\n<tr>\n<td style=\"width: 340px;\" align=\"left\"><strong><a title=\"ALDI Niederlande -Werelddierendag 4. Oktober\" href=\"https:\/\/dandie-dinmont.de\/wp\/wp-content\/uploads\/2013\/12\/aldi_571_ok.jpg\"><img loading=\"lazy\" class=\"aligncenter wp-image-3436\" title=\"ALDI Niederlande -Werelddierendag 4. Oktober\" src=\"https:\/\/dandie-dinmont.de\/wp\/wp-content\/uploads\/2013\/12\/aldi_571_ok.jpg\" alt=\"aldi_571_ok\" width=\"363\" height=\"234\" srcset=\"https:\/\/dandie-dinmont.de\/wp\/wp-content\/uploads\/2013\/12\/aldi_571_ok.jpg 568w, https:\/\/dandie-dinmont.de\/wp\/wp-content\/uploads\/2013\/12\/aldi_571_ok-150x96.jpg 150w, https:\/\/dandie-dinmont.de\/wp\/wp-content\/uploads\/2013\/12\/aldi_571_ok-300x192.jpg 300w\" sizes=\"(max-width: 363px) 100vw, 363px\" \/><\/a><\/strong><\/td>\n<td align=\"left\"><span style=\"font-size: large;\"><strong>ALDI <\/strong>Niederlande<\/span> -Werelddierendag 4. Oktober<\/td>\n<\/tr>\n<\/tbody>\n<\/table>\n<table style=\"width: 100%;\" border=\"0\">\n<tbody>\n<tr>\n<td align=\"right\"><strong><span style=\"font-size: large;\">EUDORA &#8211; C &#8211; real <\/span><\/strong>&#8211; Vollkorngetreide- Gem\u00fcsemischung\u00a0 &#8211;<\/td>\n<td style=\"width: 240px;\" align=\"right\"><a title=\"EUDORA - C - real - Vollkorngetreide- Gem\u00fcsemischung\" href=\"https:\/\/dandie-dinmont.de\/wp\/wp-content\/uploads\/2013\/12\/c-real_ori.jpg\"><img loading=\"lazy\" class=\"aligncenter size-medium wp-image-3437\" title=\"EUDORA - C - real - Vollkorngetreide- Gem\u00fcsemischung\" src=\"https:\/\/dandie-dinmont.de\/wp\/wp-content\/uploads\/2013\/12\/c-real_ori-194x300.jpg\" alt=\"c-real_ori\" width=\"194\" height=\"300\" srcset=\"https:\/\/dandie-dinmont.de\/wp\/wp-content\/uploads\/2013\/12\/c-real_ori-194x300.jpg 194w, https:\/\/dandie-dinmont.de\/wp\/wp-content\/uploads\/2013\/12\/c-real_ori-97x150.jpg 97w, https:\/\/dandie-dinmont.de\/wp\/wp-content\/uploads\/2013\/12\/c-real_ori.jpg 383w\" sizes=\"(max-width: 194px) 100vw, 194px\" \/><\/a><\/td>\n<\/tr>\n<\/tbody>\n<\/table>\n<table style=\"width: 100%;\" border=\"0\">\n<tbody>\n<tr>\n<td style=\"width: 340px;\" align=\"left\"><a title=\"Foster &amp; Smith - Premium All Natural BISCUITS\" href=\"https:\/\/dandie-dinmont.de\/wp\/wp-content\/uploads\/2013\/12\/foster-smith-1_500.jpg\"><img loading=\"lazy\" class=\"aligncenter size-medium wp-image-3438\" title=\"Foster &amp; Smith - Premium All Natural BISCUITS\" src=\"https:\/\/dandie-dinmont.de\/wp\/wp-content\/uploads\/2013\/12\/foster-smith-1_500-241x300.jpg\" alt=\"foster-smith-1_500\" width=\"241\" height=\"300\" srcset=\"https:\/\/dandie-dinmont.de\/wp\/wp-content\/uploads\/2013\/12\/foster-smith-1_500-241x300.jpg 241w, https:\/\/dandie-dinmont.de\/wp\/wp-content\/uploads\/2013\/12\/foster-smith-1_500-120x150.jpg 120w, https:\/\/dandie-dinmont.de\/wp\/wp-content\/uploads\/2013\/12\/foster-smith-1_500.jpg 500w\" sizes=\"(max-width: 241px) 100vw, 241px\" \/><\/a><\/td>\n<td align=\"left\"><strong><span style=\"font-size: large;\">Foster &amp; Smith<\/span><\/strong> <strong>&#8211;<\/strong> Premium All Natural BISCUITS<\/td>\n<\/tr>\n<\/tbody>\n<\/table>\n<table style=\"width: 100%;\" border=\"0\">\n<tbody>\n<tr>\n<td align=\"right\"><span style=\"font-size: large;\"><strong>GREEN GOURMET <\/strong><\/span>-NATURAL Dog Biscuits &#8211;<\/td>\n<td style=\"width: 240px;\" align=\"right\"><a title=\"GREEN GOURMET -NATURAL Dog Biscuits\" href=\"https:\/\/dandie-dinmont.de\/wp\/wp-content\/uploads\/2013\/12\/natural-dog-biscuits_350.jpg\"><img loading=\"lazy\" class=\"aligncenter size-medium wp-image-3440\" title=\"GREEN GOURMET -NATURAL Dog Biscuits\" src=\"https:\/\/dandie-dinmont.de\/wp\/wp-content\/uploads\/2013\/12\/natural-dog-biscuits_350-205x300.jpg\" alt=\"natural-dog-biscuits_350\" width=\"205\" height=\"300\" srcset=\"https:\/\/dandie-dinmont.de\/wp\/wp-content\/uploads\/2013\/12\/natural-dog-biscuits_350-205x300.jpg 205w, https:\/\/dandie-dinmont.de\/wp\/wp-content\/uploads\/2013\/12\/natural-dog-biscuits_350-102x150.jpg 102w, https:\/\/dandie-dinmont.de\/wp\/wp-content\/uploads\/2013\/12\/natural-dog-biscuits_350.jpg 350w\" sizes=\"(max-width: 205px) 100vw, 205px\" \/><\/a><\/td>\n<\/tr>\n<\/tbody>\n<\/table>\n<table style=\"width: 100%;\" border=\"0\">\n<tbody>\n<tr>\n<td style=\"width: 340px;\" align=\"left\"><a title=\"Foster &amp; Smith - Healthy,All-Natural Biscuit Treats\" href=\"https:\/\/dandie-dinmont.de\/wp\/wp-content\/uploads\/2013\/12\/foster-smith-2_500.jpg\"><img loading=\"lazy\" class=\"aligncenter size-medium wp-image-3439\" title=\"Foster &amp; Smith - Healthy,All-Natural Biscuit Treats\" src=\"https:\/\/dandie-dinmont.de\/wp\/wp-content\/uploads\/2013\/12\/foster-smith-2_500-237x300.jpg\" alt=\"foster-smith-2_500\" width=\"237\" height=\"300\" srcset=\"https:\/\/dandie-dinmont.de\/wp\/wp-content\/uploads\/2013\/12\/foster-smith-2_500-237x300.jpg 237w, https:\/\/dandie-dinmont.de\/wp\/wp-content\/uploads\/2013\/12\/foster-smith-2_500-118x150.jpg 118w, https:\/\/dandie-dinmont.de\/wp\/wp-content\/uploads\/2013\/12\/foster-smith-2_500.jpg 500w\" sizes=\"(max-width: 237px) 100vw, 237px\" \/><\/a><\/td>\n<td align=\"left\"><span style=\"font-size: large;\"><strong>Foster &amp; Smith <\/strong><\/span>&#8211; Healthy,All-Natural Biscuit Treats<\/td>\n<\/tr>\n<\/tbody>\n<\/table>\n<table style=\"width: 100%;\" border=\"0\">\n<tbody>\n<tr>\n<td align=\"right\"><strong style=\"text-align: left;\"><span style=\"font-size: large;\">Nivea <\/span><\/strong>&#8211; Bollerwagen &#8211;<\/td>\n<td style=\"width: 240px;\" align=\"right\"><a href=\"https:\/\/dandie-dinmont.de\/wp\/wp-content\/uploads\/2013\/12\/nivea.jpg\"><img loading=\"lazy\" class=\"aligncenter size-medium wp-image-3441\" src=\"https:\/\/dandie-dinmont.de\/wp\/wp-content\/uploads\/2013\/12\/nivea-220x300.jpg\" alt=\"nivea\" width=\"220\" height=\"300\" srcset=\"https:\/\/dandie-dinmont.de\/wp\/wp-content\/uploads\/2013\/12\/nivea-220x300.jpg 220w, https:\/\/dandie-dinmont.de\/wp\/wp-content\/uploads\/2013\/12\/nivea-110x150.jpg 110w, https:\/\/dandie-dinmont.de\/wp\/wp-content\/uploads\/2013\/12\/nivea.jpg 595w\" sizes=\"(max-width: 220px) 100vw, 220px\" \/><\/a><\/td>\n<\/tr>\n<\/tbody>\n<\/table>\n<p>&nbsp;<\/p>\n<p>&nbsp;<\/p>\n<p style=\"text-align: right;\"><strong><span style=\"font-size: large;\">\u00a0<\/span><\/strong><\/p>\n","protected":false},"excerpt":{"rendered":"<p>Man mag es kaum glauben, aber der Dandie Dinmont Terrier besitzt auch f\u00fcr die Werbeindustrie viel Attraktivit\u00e4t. Durch die Mithilfe einiger Dandiefreunde ist es uns &hellip;<\/p>\n","protected":false},"author":2,"featured_media":0,"parent":105,"menu_order":11,"comment_status":"closed","ping_status":"closed","template":"","meta":{"_links_to":"","_links_to_target":""},"yoast_head":"<!-- This site is optimized with the Yoast SEO plugin v17.2.1 - https:\/\/yoast.com\/wordpress\/plugins\/seo\/ -->\n<title>Dandie in der Werbung -<\/title>\n<meta name=\"robots\" content=\"index, follow, max-snippet:-1, max-image-preview:large, max-video-preview:-1\" \/>\n<link rel=\"canonical\" href=\"https:\/\/dandie-dinmont.de\/wp\/unterhaltung\/der-dandie-in-der-werbung\/\" \/>\n<meta property=\"og:locale\" content=\"de_DE\" \/>\n<meta property=\"og:type\" content=\"article\" \/>\n<meta property=\"og:title\" content=\"Dandie in der Werbung -\" \/>\n<meta property=\"og:description\" content=\"Man mag es kaum glauben, aber der Dandie Dinmont Terrier besitzt auch f\u00fcr die Werbeindustrie viel Attraktivit\u00e4t. Durch die Mithilfe einiger Dandiefreunde ist es uns &hellip;\" \/>\n<meta property=\"og:url\" content=\"https:\/\/dandie-dinmont.de\/wp\/unterhaltung\/der-dandie-in-der-werbung\/\" \/>\n<meta property=\"article:publisher\" content=\"https:\/\/www.facebook.com\/manfred.rosenbaum.GermanDandies\" \/>\n<meta property=\"article:modified_time\" content=\"2016-03-19T09:40:14+00:00\" \/>\n<meta property=\"og:image\" content=\"http:\/\/dandie-dinmont.de\/wp\/wp-content\/uploads\/2013\/12\/speedy_600-270x300.jpg\" \/>\n<meta name=\"twitter:card\" content=\"summary\" \/>\n<meta name=\"twitter:label1\" content=\"Gesch\u00e4tzte Lesezeit\" \/>\n\t<meta name=\"twitter:data1\" content=\"1\u00a0Minute\" \/>\n<script type=\"application\/ld+json\" class=\"yoast-schema-graph\">{\"@context\":\"https:\/\/schema.org\",\"@graph\":[{\"@type\":\"WebSite\",\"@id\":\"https:\/\/dandie-dinmont.de\/wp\/#website\",\"url\":\"https:\/\/dandie-dinmont.de\/wp\/\",\"name\":\"\",\"description\":\"Dandie Dinmont Terrier\",\"potentialAction\":[{\"@type\":\"SearchAction\",\"target\":{\"@type\":\"EntryPoint\",\"urlTemplate\":\"https:\/\/dandie-dinmont.de\/wp\/?s={search_term_string}\"},\"query-input\":\"required name=search_term_string\"}],\"inLanguage\":\"de\"},{\"@type\":\"ImageObject\",\"@id\":\"https:\/\/dandie-dinmont.de\/wp\/unterhaltung\/der-dandie-in-der-werbung\/#primaryimage\",\"inLanguage\":\"de\",\"url\":\"http:\/\/dandie-dinmont.de\/wp\/wp-content\/uploads\/2013\/12\/speedy_600-270x300.jpg\",\"contentUrl\":\"http:\/\/dandie-dinmont.de\/wp\/wp-content\/uploads\/2013\/12\/speedy_600-270x300.jpg\"},{\"@type\":\"WebPage\",\"@id\":\"https:\/\/dandie-dinmont.de\/wp\/unterhaltung\/der-dandie-in-der-werbung\/#webpage\",\"url\":\"https:\/\/dandie-dinmont.de\/wp\/unterhaltung\/der-dandie-in-der-werbung\/\",\"name\":\"Dandie in der Werbung -\",\"isPartOf\":{\"@id\":\"https:\/\/dandie-dinmont.de\/wp\/#website\"},\"primaryImageOfPage\":{\"@id\":\"https:\/\/dandie-dinmont.de\/wp\/unterhaltung\/der-dandie-in-der-werbung\/#primaryimage\"},\"datePublished\":\"2013-11-08T13:23:25+00:00\",\"dateModified\":\"2016-03-19T09:40:14+00:00\",\"breadcrumb\":{\"@id\":\"https:\/\/dandie-dinmont.de\/wp\/unterhaltung\/der-dandie-in-der-werbung\/#breadcrumb\"},\"inLanguage\":\"de\",\"potentialAction\":[{\"@type\":\"ReadAction\",\"target\":[\"https:\/\/dandie-dinmont.de\/wp\/unterhaltung\/der-dandie-in-der-werbung\/\"]}]},{\"@type\":\"BreadcrumbList\",\"@id\":\"https:\/\/dandie-dinmont.de\/wp\/unterhaltung\/der-dandie-in-der-werbung\/#breadcrumb\",\"itemListElement\":[{\"@type\":\"ListItem\",\"position\":1,\"name\":\"Home\",\"item\":\"https:\/\/dandie-dinmont.de\/wp\/\"},{\"@type\":\"ListItem\",\"position\":2,\"name\":\"Unterhaltung\",\"item\":\"https:\/\/dandie-dinmont.de\/wp\/unterhaltung\/\"},{\"@type\":\"ListItem\",\"position\":3,\"name\":\"Dandie in der Werbung\"}]}]}<\/script>\n<!-- \/ Yoast SEO plugin. -->","yoast_head_json":{"title":"Dandie in der Werbung -","robots":{"index":"index","follow":"follow","max-snippet":"max-snippet:-1","max-image-preview":"max-image-preview:large","max-video-preview":"max-video-preview:-1"},"canonical":"https:\/\/dandie-dinmont.de\/wp\/unterhaltung\/der-dandie-in-der-werbung\/","og_locale":"de_DE","og_type":"article","og_title":"Dandie in der Werbung -","og_description":"Man mag es kaum glauben, aber der Dandie Dinmont Terrier besitzt auch f\u00fcr die Werbeindustrie viel Attraktivit\u00e4t. Durch die Mithilfe einiger Dandiefreunde ist es uns &hellip;","og_url":"https:\/\/dandie-dinmont.de\/wp\/unterhaltung\/der-dandie-in-der-werbung\/","article_publisher":"https:\/\/www.facebook.com\/manfred.rosenbaum.GermanDandies","article_modified_time":"2016-03-19T09:40:14+00:00","og_image":[{"url":"http:\/\/dandie-dinmont.de\/wp\/wp-content\/uploads\/2013\/12\/speedy_600-270x300.jpg"}],"twitter_card":"summary","twitter_misc":{"Gesch\u00e4tzte Lesezeit":"1\u00a0Minute"},"schema":{"@context":"https:\/\/schema.org","@graph":[{"@type":"WebSite","@id":"https:\/\/dandie-dinmont.de\/wp\/#website","url":"https:\/\/dandie-dinmont.de\/wp\/","name":"","description":"Dandie Dinmont Terrier","potentialAction":[{"@type":"SearchAction","target":{"@type":"EntryPoint","urlTemplate":"https:\/\/dandie-dinmont.de\/wp\/?s={search_term_string}"},"query-input":"required name=search_term_string"}],"inLanguage":"de"},{"@type":"ImageObject","@id":"https:\/\/dandie-dinmont.de\/wp\/unterhaltung\/der-dandie-in-der-werbung\/#primaryimage","inLanguage":"de","url":"http:\/\/dandie-dinmont.de\/wp\/wp-content\/uploads\/2013\/12\/speedy_600-270x300.jpg","contentUrl":"http:\/\/dandie-dinmont.de\/wp\/wp-content\/uploads\/2013\/12\/speedy_600-270x300.jpg"},{"@type":"WebPage","@id":"https:\/\/dandie-dinmont.de\/wp\/unterhaltung\/der-dandie-in-der-werbung\/#webpage","url":"https:\/\/dandie-dinmont.de\/wp\/unterhaltung\/der-dandie-in-der-werbung\/","name":"Dandie in der Werbung -","isPartOf":{"@id":"https:\/\/dandie-dinmont.de\/wp\/#website"},"primaryImageOfPage":{"@id":"https:\/\/dandie-dinmont.de\/wp\/unterhaltung\/der-dandie-in-der-werbung\/#primaryimage"},"datePublished":"2013-11-08T13:23:25+00:00","dateModified":"2016-03-19T09:40:14+00:00","breadcrumb":{"@id":"https:\/\/dandie-dinmont.de\/wp\/unterhaltung\/der-dandie-in-der-werbung\/#breadcrumb"},"inLanguage":"de","potentialAction":[{"@type":"ReadAction","target":["https:\/\/dandie-dinmont.de\/wp\/unterhaltung\/der-dandie-in-der-werbung\/"]}]},{"@type":"BreadcrumbList","@id":"https:\/\/dandie-dinmont.de\/wp\/unterhaltung\/der-dandie-in-der-werbung\/#breadcrumb","itemListElement":[{"@type":"ListItem","position":1,"name":"Home","item":"https:\/\/dandie-dinmont.de\/wp\/"},{"@type":"ListItem","position":2,"name":"Unterhaltung","item":"https:\/\/dandie-dinmont.de\/wp\/unterhaltung\/"},{"@type":"ListItem","position":3,"name":"Dandie in der Werbung"}]}]}},"_links":{"self":[{"href":"https:\/\/dandie-dinmont.de\/wp\/wp-json\/wp\/v2\/pages\/496"}],"collection":[{"href":"https:\/\/dandie-dinmont.de\/wp\/wp-json\/wp\/v2\/pages"}],"about":[{"href":"https:\/\/dandie-dinmont.de\/wp\/wp-json\/wp\/v2\/types\/page"}],"author":[{"embeddable":true,"href":"https:\/\/dandie-dinmont.de\/wp\/wp-json\/wp\/v2\/users\/2"}],"replies":[{"embeddable":true,"href":"https:\/\/dandie-dinmont.de\/wp\/wp-json\/wp\/v2\/comments?post=496"}],"version-history":[{"count":35,"href":"https:\/\/dandie-dinmont.de\/wp\/wp-json\/wp\/v2\/pages\/496\/revisions"}],"predecessor-version":[{"id":11685,"href":"https:\/\/dandie-dinmont.de\/wp\/wp-json\/wp\/v2\/pages\/496\/revisions\/11685"}],"up":[{"embeddable":true,"href":"https:\/\/dandie-dinmont.de\/wp\/wp-json\/wp\/v2\/pages\/105"}],"wp:attachment":[{"href":"https:\/\/dandie-dinmont.de\/wp\/wp-json\/wp\/v2\/media?parent=496"}],"curies":[{"name":"wp","href":"https:\/\/api.w.org\/{rel}","templated":true}]}}