{"id":2814,"date":"2013-12-02T13:45:36","date_gmt":"2013-12-02T11:45:36","guid":{"rendered":"http:\/\/dandie-dinmont.de\/wp\/?page_id=2814"},"modified":"2014-05-25T20:46:46","modified_gmt":"2014-05-25T18:46:46","slug":"1-fleece-hotel","status":"publish","type":"page","link":"https:\/\/dandie-dinmont.de\/wp\/unterhaltung\/reisen-mit-dandies\/1-fleece-hotel\/","title":{"rendered":"Zweiter Teil"},"content":{"rendered":"<p style=\"text-align: center;\"><strong><a title=\"Fleece Hotel, Gr\u00fcndungsort des DDTC\" href=\"https:\/\/dandie-dinmont.de\/wp\/wp-content\/uploads\/2013\/12\/fleece-alt.jpg\"><img loading=\"lazy\" class=\"aligncenter size-full wp-image-2924\" title=\"Fleece Hotel, Gr\u00fcndungsort des DDTC\" alt=\"fleece-alt\" src=\"https:\/\/dandie-dinmont.de\/wp\/wp-content\/uploads\/2013\/12\/fleece-alt.jpg\" width=\"343\" height=\"237\" srcset=\"https:\/\/dandie-dinmont.de\/wp\/wp-content\/uploads\/2013\/12\/fleece-alt.jpg 343w, https:\/\/dandie-dinmont.de\/wp\/wp-content\/uploads\/2013\/12\/fleece-alt-150x103.jpg 150w, https:\/\/dandie-dinmont.de\/wp\/wp-content\/uploads\/2013\/12\/fleece-alt-300x207.jpg 300w\" sizes=\"(max-width: 343px) 100vw, 343px\" \/><\/a><\/strong><strong><span style=\"font-size: large;\">Fleece Hotel<\/span><\/strong><\/p>\n<p><a title=\"Gruppenphoto in Kost\u00fcmen der damaligen Zeit\" href=\"https:\/\/dandie-dinmont.de\/wp\/wp-content\/uploads\/2013\/12\/trachtengr.jpg\"><img loading=\"lazy\" class=\" wp-image-2792 alignright\" title=\"Gruppenphoto in Kost\u00fcmen der damaligen Zeit\" alt=\"trachtengr\" src=\"https:\/\/dandie-dinmont.de\/wp\/wp-content\/uploads\/2013\/12\/trachtengr.jpg\" width=\"470\" height=\"293\" srcset=\"https:\/\/dandie-dinmont.de\/wp\/wp-content\/uploads\/2013\/12\/trachtengr.jpg 588w, https:\/\/dandie-dinmont.de\/wp\/wp-content\/uploads\/2013\/12\/trachtengr-150x93.jpg 150w, https:\/\/dandie-dinmont.de\/wp\/wp-content\/uploads\/2013\/12\/trachtengr-300x186.jpg 300w\" sizes=\"(max-width: 470px) 100vw, 470px\" \/><\/a><\/p>\n<p>&nbsp;<\/p>\n<p><span style=\"font-size: large;\"><strong>Selkirk &#8211; Schottland<\/strong><\/span><\/p>\n<p>Der Weg f\u00fchrte uns durch die landschaftlich bezaubernden Borders \u00fcber Moffat direkt nach Selkirk.<\/p>\n<p>Das dortige Fleece Hotel, im Zentrum von Selkirk und gegen\u00fcber dem Denkmal des Sir Walter Scott, ist der historische Ort, in dem sich am 17. November 1875 Dandiez\u00fcchter und Dandiefreunde einfanden, um den Dandie Dinmont Terrier Club, D.D.T.C., zu gr\u00fcnden.<\/p>\n<p>&nbsp;<\/p>\n<p>Vor dem Eingang des Fleece Hotels erwartete uns ein Northumberland Dudelsackpfeifer und Mitglieder des Klubs versammelten sich zum Gruppenphoto in Kost\u00fcmen der damaligen Zeit. Anschlie\u00dfend begr\u00fc\u00dfte Dame Jean Maxwell-Scott, Patronin des D.D.T.C., die angereisten Dandiefreunde im Gastraum des Hotels. Sie enth\u00fcllte eine Gedenktafel zur Gr\u00fcndung des D.D.T.C. im Jahre 1875.<\/p>\n<p><a title=\"Dame Jean Maxwell-Scott, Patronin des D.D.T.C. bei der Enth\u00fcllung der Gedenktafel\" href=\"https:\/\/dandie-dinmont.de\/wp\/wp-content\/uploads\/2013\/12\/abbotsford_dame_rund.jpg\"><img loading=\"lazy\" class=\"size-full wp-image-2739 alignleft\" title=\"Dame Jean Maxwell-Scott, Patronin des D.D.T.C. bei der Enth\u00fcllung der Gedenktafel\" alt=\"abbotsford_dame_rund\" src=\"https:\/\/dandie-dinmont.de\/wp\/wp-content\/uploads\/2013\/12\/abbotsford_dame_rund.jpg\" width=\"300\" height=\"312\" srcset=\"https:\/\/dandie-dinmont.de\/wp\/wp-content\/uploads\/2013\/12\/abbotsford_dame_rund.jpg 300w, https:\/\/dandie-dinmont.de\/wp\/wp-content\/uploads\/2013\/12\/abbotsford_dame_rund-144x150.jpg 144w, https:\/\/dandie-dinmont.de\/wp\/wp-content\/uploads\/2013\/12\/abbotsford_dame_rund-288x300.jpg 288w\" sizes=\"(max-width: 300px) 100vw, 300px\" \/><\/a><\/p>\n<p>&nbsp;<\/p>\n<p>&nbsp;<\/p>\n<p>Die \u00f6rtliche Presse war ebenfalls anwesend und w\u00fcrdigte dieses Ereignis in Selkirk am n\u00e4chsten Tag mit einem eigenen Artikel und Foto in der Zeitung. Dann wurde zum Lunch gebeten, den wir zusammen mit den Ehreng\u00e4sten, unter ihnen auch Ferelith Somerfield, einnahmen.<\/p>\n<p><a title=\"Mrs J. Shore, Mrs J. Murray, Dame Jean Maxwell-Scott, Mrs J. Roslyn, Mrs G. Russell, Mr J. Charlton\" href=\"https:\/\/dandie-dinmont.de\/wp\/wp-content\/uploads\/2013\/12\/trachten-fleece_II_300_t.jpg\"><img loading=\"lazy\" class=\"size-full wp-image-2790 alignright\" title=\"Mrs J. Shore, Mrs J. Murray, Dame Jean Maxwell-Scott, Mrs J. Roslyn, Mrs G. Russell, Mr J. Charlton\" alt=\"trachten-fleece_II_300_t\" src=\"https:\/\/dandie-dinmont.de\/wp\/wp-content\/uploads\/2013\/12\/trachten-fleece_II_300_t.jpg\" width=\"321\" height=\"267\" srcset=\"https:\/\/dandie-dinmont.de\/wp\/wp-content\/uploads\/2013\/12\/trachten-fleece_II_300_t.jpg 321w, https:\/\/dandie-dinmont.de\/wp\/wp-content\/uploads\/2013\/12\/trachten-fleece_II_300_t-150x124.jpg 150w, https:\/\/dandie-dinmont.de\/wp\/wp-content\/uploads\/2013\/12\/trachten-fleece_II_300_t-300x249.jpg 300w\" sizes=\"(max-width: 321px) 100vw, 321px\" \/><\/a><\/p>\n<p>&nbsp;<\/p>\n<p>&nbsp;<\/p>\n<p>&nbsp;<\/p>\n<p>Nach vielen Gelegenheiten f\u00fcr Erinnerungsfotos f\u00fchrte uns die weitere Busfahrt nach Abbotsford House. Hier lebte, arbeitete und schrieb Sir Walter Scott den bekannten Roman &#8222;Guy Mannering&#8220;, der Geschichte aus den Borders und von James Davidson als Dandie Dinmont und seinen Pepper und Mustard Terriern.<\/p>\n","protected":false},"excerpt":{"rendered":"<p>Fleece Hotel &nbsp; Selkirk &#8211; Schottland Der Weg f\u00fchrte uns durch die landschaftlich bezaubernden Borders \u00fcber Moffat direkt nach Selkirk. Das dortige Fleece Hotel, im &hellip;<\/p>\n","protected":false},"author":2,"featured_media":0,"parent":1767,"menu_order":2,"comment_status":"closed","ping_status":"closed","template":"","meta":{"_links_to":"","_links_to_target":""},"yoast_head":"<!-- This site is optimized with the Yoast SEO plugin v17.2.1 - https:\/\/yoast.com\/wordpress\/plugins\/seo\/ -->\n<title>Zweiter Teil -<\/title>\n<meta name=\"robots\" content=\"index, follow, max-snippet:-1, max-image-preview:large, max-video-preview:-1\" \/>\n<link rel=\"canonical\" href=\"https:\/\/dandie-dinmont.de\/wp\/unterhaltung\/reisen-mit-dandies\/1-fleece-hotel\/\" \/>\n<meta property=\"og:locale\" content=\"de_DE\" \/>\n<meta property=\"og:type\" content=\"article\" \/>\n<meta property=\"og:title\" content=\"Zweiter Teil -\" \/>\n<meta property=\"og:description\" content=\"Fleece Hotel &nbsp; Selkirk &#8211; Schottland Der Weg f\u00fchrte uns durch die landschaftlich bezaubernden Borders \u00fcber Moffat direkt nach Selkirk. Das dortige Fleece Hotel, im &hellip;\" \/>\n<meta property=\"og:url\" content=\"https:\/\/dandie-dinmont.de\/wp\/unterhaltung\/reisen-mit-dandies\/1-fleece-hotel\/\" \/>\n<meta property=\"article:publisher\" content=\"https:\/\/www.facebook.com\/manfred.rosenbaum.GermanDandies\" \/>\n<meta property=\"article:modified_time\" content=\"2014-05-25T18:46:46+00:00\" \/>\n<meta property=\"og:image\" content=\"http:\/\/dandie-dinmont.de\/wp\/wp-content\/uploads\/2013\/12\/fleece-alt.jpg\" \/>\n<meta name=\"twitter:card\" content=\"summary\" \/>\n<meta name=\"twitter:label1\" content=\"Gesch\u00e4tzte Lesezeit\" \/>\n\t<meta name=\"twitter:data1\" content=\"1\u00a0Minute\" \/>\n<script type=\"application\/ld+json\" class=\"yoast-schema-graph\">{\"@context\":\"https:\/\/schema.org\",\"@graph\":[{\"@type\":\"WebSite\",\"@id\":\"https:\/\/dandie-dinmont.de\/wp\/#website\",\"url\":\"https:\/\/dandie-dinmont.de\/wp\/\",\"name\":\"\",\"description\":\"Dandie Dinmont Terrier\",\"potentialAction\":[{\"@type\":\"SearchAction\",\"target\":{\"@type\":\"EntryPoint\",\"urlTemplate\":\"https:\/\/dandie-dinmont.de\/wp\/?s={search_term_string}\"},\"query-input\":\"required name=search_term_string\"}],\"inLanguage\":\"de\"},{\"@type\":\"ImageObject\",\"@id\":\"https:\/\/dandie-dinmont.de\/wp\/unterhaltung\/reisen-mit-dandies\/1-fleece-hotel\/#primaryimage\",\"inLanguage\":\"de\",\"url\":\"http:\/\/dandie-dinmont.de\/wp\/wp-content\/uploads\/2013\/12\/fleece-alt.jpg\",\"contentUrl\":\"http:\/\/dandie-dinmont.de\/wp\/wp-content\/uploads\/2013\/12\/fleece-alt.jpg\"},{\"@type\":\"WebPage\",\"@id\":\"https:\/\/dandie-dinmont.de\/wp\/unterhaltung\/reisen-mit-dandies\/1-fleece-hotel\/#webpage\",\"url\":\"https:\/\/dandie-dinmont.de\/wp\/unterhaltung\/reisen-mit-dandies\/1-fleece-hotel\/\",\"name\":\"Zweiter Teil -\",\"isPartOf\":{\"@id\":\"https:\/\/dandie-dinmont.de\/wp\/#website\"},\"primaryImageOfPage\":{\"@id\":\"https:\/\/dandie-dinmont.de\/wp\/unterhaltung\/reisen-mit-dandies\/1-fleece-hotel\/#primaryimage\"},\"datePublished\":\"2013-12-02T11:45:36+00:00\",\"dateModified\":\"2014-05-25T18:46:46+00:00\",\"breadcrumb\":{\"@id\":\"https:\/\/dandie-dinmont.de\/wp\/unterhaltung\/reisen-mit-dandies\/1-fleece-hotel\/#breadcrumb\"},\"inLanguage\":\"de\",\"potentialAction\":[{\"@type\":\"ReadAction\",\"target\":[\"https:\/\/dandie-dinmont.de\/wp\/unterhaltung\/reisen-mit-dandies\/1-fleece-hotel\/\"]}]},{\"@type\":\"BreadcrumbList\",\"@id\":\"https:\/\/dandie-dinmont.de\/wp\/unterhaltung\/reisen-mit-dandies\/1-fleece-hotel\/#breadcrumb\",\"itemListElement\":[{\"@type\":\"ListItem\",\"position\":1,\"name\":\"Home\",\"item\":\"https:\/\/dandie-dinmont.de\/wp\/\"},{\"@type\":\"ListItem\",\"position\":2,\"name\":\"Unterhaltung\",\"item\":\"https:\/\/dandie-dinmont.de\/wp\/unterhaltung\/\"},{\"@type\":\"ListItem\",\"position\":3,\"name\":\"Schottland, eine Reise in die Vergangenheit\",\"item\":\"https:\/\/dandie-dinmont.de\/wp\/unterhaltung\/reisen-mit-dandies\/\"},{\"@type\":\"ListItem\",\"position\":4,\"name\":\"Zweiter Teil\"}]}]}<\/script>\n<!-- \/ Yoast SEO plugin. -->","yoast_head_json":{"title":"Zweiter Teil -","robots":{"index":"index","follow":"follow","max-snippet":"max-snippet:-1","max-image-preview":"max-image-preview:large","max-video-preview":"max-video-preview:-1"},"canonical":"https:\/\/dandie-dinmont.de\/wp\/unterhaltung\/reisen-mit-dandies\/1-fleece-hotel\/","og_locale":"de_DE","og_type":"article","og_title":"Zweiter Teil -","og_description":"Fleece Hotel &nbsp; Selkirk &#8211; Schottland Der Weg f\u00fchrte uns durch die landschaftlich bezaubernden Borders \u00fcber Moffat direkt nach Selkirk. Das dortige Fleece Hotel, im &hellip;","og_url":"https:\/\/dandie-dinmont.de\/wp\/unterhaltung\/reisen-mit-dandies\/1-fleece-hotel\/","article_publisher":"https:\/\/www.facebook.com\/manfred.rosenbaum.GermanDandies","article_modified_time":"2014-05-25T18:46:46+00:00","og_image":[{"url":"http:\/\/dandie-dinmont.de\/wp\/wp-content\/uploads\/2013\/12\/fleece-alt.jpg"}],"twitter_card":"summary","twitter_misc":{"Gesch\u00e4tzte Lesezeit":"1\u00a0Minute"},"schema":{"@context":"https:\/\/schema.org","@graph":[{"@type":"WebSite","@id":"https:\/\/dandie-dinmont.de\/wp\/#website","url":"https:\/\/dandie-dinmont.de\/wp\/","name":"","description":"Dandie Dinmont Terrier","potentialAction":[{"@type":"SearchAction","target":{"@type":"EntryPoint","urlTemplate":"https:\/\/dandie-dinmont.de\/wp\/?s={search_term_string}"},"query-input":"required name=search_term_string"}],"inLanguage":"de"},{"@type":"ImageObject","@id":"https:\/\/dandie-dinmont.de\/wp\/unterhaltung\/reisen-mit-dandies\/1-fleece-hotel\/#primaryimage","inLanguage":"de","url":"http:\/\/dandie-dinmont.de\/wp\/wp-content\/uploads\/2013\/12\/fleece-alt.jpg","contentUrl":"http:\/\/dandie-dinmont.de\/wp\/wp-content\/uploads\/2013\/12\/fleece-alt.jpg"},{"@type":"WebPage","@id":"https:\/\/dandie-dinmont.de\/wp\/unterhaltung\/reisen-mit-dandies\/1-fleece-hotel\/#webpage","url":"https:\/\/dandie-dinmont.de\/wp\/unterhaltung\/reisen-mit-dandies\/1-fleece-hotel\/","name":"Zweiter Teil -","isPartOf":{"@id":"https:\/\/dandie-dinmont.de\/wp\/#website"},"primaryImageOfPage":{"@id":"https:\/\/dandie-dinmont.de\/wp\/unterhaltung\/reisen-mit-dandies\/1-fleece-hotel\/#primaryimage"},"datePublished":"2013-12-02T11:45:36+00:00","dateModified":"2014-05-25T18:46:46+00:00","breadcrumb":{"@id":"https:\/\/dandie-dinmont.de\/wp\/unterhaltung\/reisen-mit-dandies\/1-fleece-hotel\/#breadcrumb"},"inLanguage":"de","potentialAction":[{"@type":"ReadAction","target":["https:\/\/dandie-dinmont.de\/wp\/unterhaltung\/reisen-mit-dandies\/1-fleece-hotel\/"]}]},{"@type":"BreadcrumbList","@id":"https:\/\/dandie-dinmont.de\/wp\/unterhaltung\/reisen-mit-dandies\/1-fleece-hotel\/#breadcrumb","itemListElement":[{"@type":"ListItem","position":1,"name":"Home","item":"https:\/\/dandie-dinmont.de\/wp\/"},{"@type":"ListItem","position":2,"name":"Unterhaltung","item":"https:\/\/dandie-dinmont.de\/wp\/unterhaltung\/"},{"@type":"ListItem","position":3,"name":"Schottland, eine Reise in die Vergangenheit","item":"https:\/\/dandie-dinmont.de\/wp\/unterhaltung\/reisen-mit-dandies\/"},{"@type":"ListItem","position":4,"name":"Zweiter Teil"}]}]}},"_links":{"self":[{"href":"https:\/\/dandie-dinmont.de\/wp\/wp-json\/wp\/v2\/pages\/2814"}],"collection":[{"href":"https:\/\/dandie-dinmont.de\/wp\/wp-json\/wp\/v2\/pages"}],"about":[{"href":"https:\/\/dandie-dinmont.de\/wp\/wp-json\/wp\/v2\/types\/page"}],"author":[{"embeddable":true,"href":"https:\/\/dandie-dinmont.de\/wp\/wp-json\/wp\/v2\/users\/2"}],"replies":[{"embeddable":true,"href":"https:\/\/dandie-dinmont.de\/wp\/wp-json\/wp\/v2\/comments?post=2814"}],"version-history":[{"count":25,"href":"https:\/\/dandie-dinmont.de\/wp\/wp-json\/wp\/v2\/pages\/2814\/revisions"}],"predecessor-version":[{"id":3157,"href":"https:\/\/dandie-dinmont.de\/wp\/wp-json\/wp\/v2\/pages\/2814\/revisions\/3157"}],"up":[{"embeddable":true,"href":"https:\/\/dandie-dinmont.de\/wp\/wp-json\/wp\/v2\/pages\/1767"}],"wp:attachment":[{"href":"https:\/\/dandie-dinmont.de\/wp\/wp-json\/wp\/v2\/media?parent=2814"}],"curies":[{"name":"wp","href":"https:\/\/api.w.org\/{rel}","templated":true}]}}