{"id":201,"date":"2013-10-31T17:56:36","date_gmt":"2013-10-31T15:56:36","guid":{"rendered":"http:\/\/dandie-dinmont.de\/wp\/?page_id=201"},"modified":"2023-05-15T15:16:46","modified_gmt":"2023-05-15T13:16:46","slug":"deutschland","status":"publish","type":"page","link":"https:\/\/dandie-dinmont.de\/wp\/weltweit\/europa\/deutschland\/","title":{"rendered":"Deutschland"},"content":{"rendered":"<p><strong><span style=\"font-size: large;\">Historie<\/span><\/strong><strong><strong>\u00a0\u00a0\u00a0\u00a0\u00a0\u00a0\u00a0\u00a0\u00a0\u00a0\u00a0\u00a0\u00a0\u00a0\u00a0\u00a0\u00a0\u00a0\u00a0\u00a0\u00a0\u00a0\u00a0\u00a0\u00a0\u00a0\u00a0\u00a0\u00a0\u00a0\u00a0\u00a0\u00a0\u00a0\u00a0\u00a0\u00a0\u00a0\u00a0\u00a0\u00a0\u00a0\u00a0\u00a0\u00a0\u00a0\u00a0\u00a0\u00a0\u00a0\u00a0\u00a0\u00a0\u00a0\u00a0\u00a0\u00a0\u00a0\u00a0\u00a0\u00a0\u00a0\u00a0\u00a0\u00a0\u00a0\u00a0\u00a0\u00a0\u00a0\u00a0\u00a0\u00a0\u00a0\u00a0\u00a0\u00a0\u00a0\u00a0\u00a0\u00a0\u00a0\u00a0\u00a0\u00a0\u00a0\u00a0\u00a0\u00a0\u00a0\u00a0\u00a0\u00a0\u00a0\u00a0\u00a0\u00a0\u00a0\u00a0\u00a0\u00a0\u00a0\u00a0\u00a0\u00a0\u00a0\u00a0\u00a0\u00a0\u00a0\u00a0\u00a0\u00a0\u00a0\u00a0\u00a0\u00a0\u00a0\u00a0\u00a0\u00a0\u00a0\u00a0\u00a0\u00a0\u00a0\u00a0\u00a0\u00a0\u00a0\u00a0\u00a0\u00a0\u00a0\u00a0\u00a0\u00a0\u00a0\u00a0\u00a0\u00a0\u00a0\u00a0\u00a0\u00a0\u00a0\u00a0\u00a0\u00a0\u00a0\u00a0\u00a0\u00a0\u00a0\u00a0\u00a0\u00a0\u00a0\u00a0\u00a0\u00a0\u00a0\u00a0\u00a0\u00a0\u00a0\u00a0\u00a0\u00a0\u00a0\u00a0\u00a0\u00a0\u00a0\u00a0\u00a0\u00a0\u00a0\u00a0\u00a0\u00a0\u00a0\u00a0\u00a0\u00a0\u00a0\u00a0\u00a0\u00a0\u00a0\u00a0\u00a0\u00a0\u00a0\u00a0\u00a0\u00a0\u00a0\u00a0\u00a0\u00a0\u00a0\u00a0\u00a0\u00a0\u00a0\u00a0\u00a0\u00a0\u00a0\u00a0\u00a0\u00a0\u00a0\u00a0\u00a0\u00a0\u00a0\u00a0\u00a0\u00a0\u00a0\u00a0\u00a0\u00a0\u00a0\u00a0\u00a0\u00a0\u00a0 <\/strong><\/strong><\/p>\n<p><a href=\"https:\/\/dandie-dinmont.de\/wp\/wp-content\/uploads\/2013\/10\/0_deutschland.jpg\"><img loading=\"lazy\" class=\"alignleft size-medium wp-image-3218\" title=\"Deutschland - Germany\" src=\"https:\/\/dandie-dinmont.de\/wp\/wp-content\/uploads\/2013\/10\/0_deutschland-300x261.jpg\" alt=\"0_deutschland\" width=\"300\" height=\"261\" srcset=\"https:\/\/dandie-dinmont.de\/wp\/wp-content\/uploads\/2013\/10\/0_deutschland-300x261.jpg 300w, https:\/\/dandie-dinmont.de\/wp\/wp-content\/uploads\/2013\/10\/0_deutschland-150x130.jpg 150w, https:\/\/dandie-dinmont.de\/wp\/wp-content\/uploads\/2013\/10\/0_deutschland.jpg 702w\" sizes=\"(max-width: 300px) 100vw, 300px\" \/><\/a>Bis 1945 wurden in das Zuchtbuch des KfT (Klub f\u00fcr Terrier) lediglich 52 Dandie Dinmont Terrier eingetragen, 44 Dandies aus deutscher Zucht und 8 Importe. Z\u00fcchter der damaligen Zeit waren: Frau von Malinckrodt vom Chiemsee unter dem Zwingernamen von dem Daxlberg und Frau Schnorr von Carolsfeld aus Berlin. Durch einen Bombentreffer auf ihr Haus kamen sie und ihre Hunde ums Leben. Mit den Kriegsjahren war auch die damalige Dandiezucht beendet. F\u00fcr die Zeit, vor dem zweiten Weltkrieg, stehen offensichtlich keine genaueren Informationen mehr zur Verf\u00fcgung.<\/p>\n<p>Nach dem Krieg wurde lediglich ein Dandieimport mit der Nr. 53 in das deutsche Zuchtbuch eingetragen. Es sollte dann bis 1964 dauern, ehe Gertraude Maass unter dem Zwingernamen von Beerenkamp einen ersten Dandiewurf haben sollte.<\/p>\n<p>Gertraude Maass importierte 1962 von Miss Bradbury die H\u00fcndin &#8222;Watersend Sparkle&#8220;, deren Ursprung aus den damals bekannten Zuchten Shrimpney und of Clane stammte. Einen dazu passenden R\u00fcden erhielt Gertraude Maass mit &#8222;Corrie of Gardenside&#8220;, aus einer Nachzucht von Shrimpney und Salismore. Der erste Wurf hatte 5,1 Welpen.<\/p>\n<p>Zusammen mit Erna Butzke, importierte sie dann von Miss Dandison den R\u00fcden &#8222;Shrimpney Scarlet Coat&#8220;. Zusammen mit Sparkle wurde er der Stammvater aller folgenden <strong>von Beerenkamp<\/strong>-Dandies.<\/p>\n<p>In den Folgejahre importierte Gertraude Maass immer wieder aus Gro\u00dfbritannien, meist R\u00fcden, gleichzeitig baute sie kontinuierlich eine eigene H\u00fcndinnen-Linie in 8 Generationen auf.<\/p>\n<p>Erst 1972 trat ein zweiter Zwinger in Erscheinung, Erna Butzke machte unter dem Namen <strong>von Annehausen<\/strong> insgesamt 2 W\u00fcrfe. 1975 fiel dann im Zwinger <strong>Florina&#8217;s<\/strong> von Christel Bauermeister, der erste Wurf.<\/p>\n<p>1983 gr\u00fcndeten Monika und Manfred Rosenbaum den Kennel <strong>German Dandies&#8216;<\/strong>. Sie begannen mit ihrer Zucht 1984, ihre erste Zuchth\u00fcndin war Daphne von Beerenkamp. Dieser Kennel ist bis heute nach wie vor aktiv, sowohl in der Zucht als auch bei Ausstellungen im In- und Ausland.<\/p>\n<p>Die Dandiezucht setzte sich dann kontinuierlich weiter fort, neue Z\u00fcchter kamen hinzu, die Welpenzahlen nahmen von Jahr zu Jahr zu. Anfang der 80er Jahre lagen sie bei knapp unter 30 Welpen j\u00e4hrlich und blieb danach konstant. Die Entwicklung des Dandie Dinmont Terrier in Deutschland schien zu stagnieren. Eine neue Entwicklung setzte erst 1989 nach \u00d6ffnung der Mauer ein.<\/p>\n<p>Nach vielen vergeblichen Versuchen in der damaligen DDR eine Dandiezucht aufzubauen, fiel der erste Wurf 1987 im Zwinger <strong>von Barkey&#8217;s<\/strong>. Durch diesen Zuchterfolg animiert, wurden weitere Zwinger gegr\u00fcndet: vom &#8218;<strong>Dandie Studio<\/strong>&#8218;, &#8218;<strong>Sorel&#8217;s<\/strong>&#8218; und &#8218;<strong>vom Parkwald<\/strong>&#8218;. Erste W\u00fcrfe fielen noch vor dem Fall der Mauer 1989.<\/p>\n<p>Unter dem Dach des KfT im nun vereinten Deutschland schnellte die Zahl der Welpen in die H\u00f6he. Mit einer Wurfzahl von 65 im Jahre 1993 und 55 im Jahre 1995 wurde die bislang h\u00f6chsten Welpenzahlen erreicht. Diese Zuchtaktivit\u00e4t hielt jedoch nicht lange an, denn es wurde offensichtlich mehr gez\u00fcchtet als der Welpenmarkt aufnehmen konnte. In den dann folgenden Jahren wurde dann wieder weniger gez\u00fcchtet und der j\u00e4hrliche Schnitt pendelte sich bei zirka 40 Welpen ein.<\/p>\n<p>Weitere Informationen \u00fcber die Entwicklung der Zucht in Deutschland, seine Zwinger, W\u00fcrfe und Importe sowie verschiedene Analysen k\u00f6nnen in DandieOnline in den Zucht- und Wurfstatistiken f\u00fcr die Zeit von 1956 bis heute nachgelesen werden.<\/p>\n<p>Nach der Jahrhundertwende ist zu registrieren, dass der Aufschwung eines Jahrzehntes durch die Z\u00fcchter der ehemaligen DDR, kontinuierlich nach unten zeigte. Z\u00fcchter f\u00fcr Z\u00fcchter gaben die Zucht aus den verschiedensten Gr\u00fcnden auf oder wurden auf Ausstellungen nicht mehr gesehen.<\/p>\n<p>Im Jahre 2014 sind es nur noch\u00a0 vier\u00a0 Z\u00fcchter welche ihr F\u00e4hnlein f\u00fcr unsere Dandies wehen lassen. Als aktive Z\u00fcchter verblieben sind nur noch Brackwehr&#8217;s Kennel &#8218;<strong>Eclair&#8217;s<\/strong>&#8218;, Feis&#8217;s Kennel &#8218;<strong>Luna Caprese&#8216;<\/strong>, Rudischer&#8217;s Kennel &#8218;<strong>von der Gulitza<\/strong>&#8218;, und der Kennel &#8218;<strong>German Dandies&#8216;<\/strong> von Monika und Manfred Rosenbaum.<\/p>\n<p>Als der bislang erfolgreichster deutscher Kennel kann <strong>German Dandies&#8216;<\/strong>, von Monika und Manfred Rosenbaum genannt werden. 15 Weltsiegertitel und \u00fcber 300 Championate in 18 verschiedenen L\u00e4ndern Europas, dazu unz\u00e4hlige Tagestitel, Gruppensieger und &#8218;Best in Show&#8216; stehen auf der Seite ihres Erfolges.<\/p>\n<p><b><img loading=\"lazy\" class=\" wp-image-3247 alignleft\" src=\"https:\/\/dandie-dinmont.de\/wp\/wp-content\/uploads\/2013\/10\/kftvon1894-150.jpg\" alt=\"kftvon1894-150\" width=\"128\" height=\"168\" srcset=\"https:\/\/dandie-dinmont.de\/wp\/wp-content\/uploads\/2013\/10\/kftvon1894-150.jpg 160w, https:\/\/dandie-dinmont.de\/wp\/wp-content\/uploads\/2013\/10\/kftvon1894-150-114x150.jpg 114w\" sizes=\"(max-width: 128px) 100vw, 128px\" \/><\/b><\/p>\n<p>Von einer kleinen Gruppe begeisterter Airedale-Terrier Liebhaber im Jahre 1894 in M\u00fcnchen gegr\u00fcndet, betreut der <a title=\"Klub f\u00fcr Terrier e.V. Deutschland\" href=\"http:\/\/www.kft-online.de\" target=\"_blank\" rel=\"noopener\">&#8222;Klub f\u00fcr Terrier e.V.&#8220; (KfT)<\/a> heute 29 verschiedene Terrierrassen. Er f\u00f6rdert deren Zucht und Abrichtung und f\u00fchrt das vom VDH\/FCI anerkannte Zuchtbuch. Der KfT hat sich bis heute zu einem Rassehundezuchtverein mit \u00fcber 13 000 Mitgliedern entwickelt. Der Dandie Dinmont Terrier wurde erstmals im Jahre 1947 im Zuchtbuch des KfT erw\u00e4hnt.<\/p>\n<p><a href=\"https:\/\/dandie-dinmont.de\/wp\/wp-content\/uploads\/2013\/10\/vdh_gr.jpg\"><img loading=\"lazy\" class=\"alignleft  wp-image-3252\" src=\"https:\/\/dandie-dinmont.de\/wp\/wp-content\/uploads\/2013\/10\/vdh_gr.jpg\" alt=\"vdh_gr\" width=\"169\" height=\"120\" srcset=\"https:\/\/dandie-dinmont.de\/wp\/wp-content\/uploads\/2013\/10\/vdh_gr.jpg 211w, https:\/\/dandie-dinmont.de\/wp\/wp-content\/uploads\/2013\/10\/vdh_gr-150x106.jpg 150w\" sizes=\"(max-width: 169px) 100vw, 169px\" \/><\/a>Seit \u00fcber 100 Jahren pr\u00e4gt der <a title=\"Verband f\u00fcr das Deutsche Hundewesen\" href=\"http:\/\/www.vdh.de\/\" target=\"_blank\" rel=\"noopener\">VDH <\/a>das Leben mit Hunden in Deutschland. Einige der weltweit wichtigsten Hunderassen wurden hier hervorgebracht, und der VDH und seine Mitgliedsvereine verf\u00fcgen \u00fcber eines der leistungsf\u00e4higsten kynologischen \u201eNetze\u201c, um in der Gesellschaft das Leben, Arbeiten und Z\u00fcchten rund um den Hund zu organisieren. Der VDH ist die Interessenvertretung aller Hundehalter in Deutschland.<\/p>\n","protected":false},"excerpt":{"rendered":"<p>Historie\u00a0\u00a0\u00a0\u00a0\u00a0\u00a0\u00a0\u00a0\u00a0\u00a0\u00a0\u00a0\u00a0\u00a0\u00a0\u00a0\u00a0\u00a0\u00a0\u00a0\u00a0\u00a0\u00a0\u00a0\u00a0\u00a0\u00a0\u00a0\u00a0\u00a0\u00a0\u00a0\u00a0\u00a0\u00a0\u00a0\u00a0\u00a0\u00a0\u00a0\u00a0\u00a0\u00a0\u00a0\u00a0\u00a0\u00a0\u00a0\u00a0\u00a0\u00a0\u00a0\u00a0\u00a0\u00a0\u00a0\u00a0\u00a0\u00a0\u00a0\u00a0\u00a0\u00a0\u00a0\u00a0\u00a0\u00a0\u00a0\u00a0\u00a0\u00a0\u00a0\u00a0\u00a0\u00a0\u00a0\u00a0\u00a0\u00a0\u00a0\u00a0\u00a0\u00a0\u00a0\u00a0\u00a0\u00a0\u00a0\u00a0\u00a0\u00a0\u00a0\u00a0\u00a0\u00a0\u00a0\u00a0\u00a0\u00a0\u00a0\u00a0\u00a0\u00a0\u00a0\u00a0\u00a0\u00a0\u00a0\u00a0\u00a0\u00a0\u00a0\u00a0\u00a0\u00a0\u00a0\u00a0\u00a0\u00a0\u00a0\u00a0\u00a0\u00a0\u00a0\u00a0\u00a0\u00a0\u00a0\u00a0\u00a0\u00a0\u00a0\u00a0\u00a0\u00a0\u00a0\u00a0\u00a0\u00a0\u00a0\u00a0\u00a0\u00a0\u00a0\u00a0\u00a0\u00a0\u00a0\u00a0\u00a0\u00a0\u00a0\u00a0\u00a0\u00a0\u00a0\u00a0\u00a0\u00a0\u00a0\u00a0\u00a0\u00a0\u00a0\u00a0\u00a0\u00a0\u00a0\u00a0\u00a0\u00a0\u00a0\u00a0\u00a0\u00a0\u00a0\u00a0\u00a0\u00a0\u00a0\u00a0\u00a0\u00a0\u00a0\u00a0\u00a0\u00a0\u00a0\u00a0\u00a0\u00a0\u00a0\u00a0\u00a0\u00a0\u00a0\u00a0\u00a0\u00a0\u00a0\u00a0\u00a0\u00a0\u00a0\u00a0\u00a0\u00a0\u00a0\u00a0\u00a0\u00a0\u00a0\u00a0\u00a0\u00a0\u00a0\u00a0\u00a0\u00a0\u00a0\u00a0\u00a0\u00a0\u00a0\u00a0\u00a0\u00a0\u00a0\u00a0\u00a0 Bis 1945 wurden in das Zuchtbuch des KfT (Klub f\u00fcr Terrier) lediglich 52 Dandie Dinmont Terrier eingetragen, 44 Dandies aus deutscher Zucht und 8 &hellip;<\/p>\n","protected":false},"author":2,"featured_media":0,"parent":196,"menu_order":3,"comment_status":"closed","ping_status":"open","template":"","meta":{"_links_to":"","_links_to_target":""},"yoast_head":"<!-- This site is optimized with the Yoast SEO plugin v17.2.1 - https:\/\/yoast.com\/wordpress\/plugins\/seo\/ -->\n<title>Deutschland -<\/title>\n<meta name=\"robots\" content=\"index, follow, max-snippet:-1, max-image-preview:large, max-video-preview:-1\" \/>\n<link rel=\"canonical\" href=\"https:\/\/dandie-dinmont.de\/wp\/weltweit\/europa\/deutschland\/\" \/>\n<meta property=\"og:locale\" content=\"de_DE\" \/>\n<meta property=\"og:type\" content=\"article\" \/>\n<meta property=\"og:title\" content=\"Deutschland -\" \/>\n<meta property=\"og:description\" content=\"Historie\u00a0\u00a0\u00a0\u00a0\u00a0\u00a0\u00a0\u00a0\u00a0\u00a0\u00a0\u00a0\u00a0\u00a0\u00a0\u00a0\u00a0\u00a0\u00a0\u00a0\u00a0\u00a0\u00a0\u00a0\u00a0\u00a0\u00a0\u00a0\u00a0\u00a0\u00a0\u00a0\u00a0\u00a0\u00a0\u00a0\u00a0\u00a0\u00a0\u00a0\u00a0\u00a0\u00a0\u00a0\u00a0\u00a0\u00a0\u00a0\u00a0\u00a0\u00a0\u00a0\u00a0\u00a0\u00a0\u00a0\u00a0\u00a0\u00a0\u00a0\u00a0\u00a0\u00a0\u00a0\u00a0\u00a0\u00a0\u00a0\u00a0\u00a0\u00a0\u00a0\u00a0\u00a0\u00a0\u00a0\u00a0\u00a0\u00a0\u00a0\u00a0\u00a0\u00a0\u00a0\u00a0\u00a0\u00a0\u00a0\u00a0\u00a0\u00a0\u00a0\u00a0\u00a0\u00a0\u00a0\u00a0\u00a0\u00a0\u00a0\u00a0\u00a0\u00a0\u00a0\u00a0\u00a0\u00a0\u00a0\u00a0\u00a0\u00a0\u00a0\u00a0\u00a0\u00a0\u00a0\u00a0\u00a0\u00a0\u00a0\u00a0\u00a0\u00a0\u00a0\u00a0\u00a0\u00a0\u00a0\u00a0\u00a0\u00a0\u00a0\u00a0\u00a0\u00a0\u00a0\u00a0\u00a0\u00a0\u00a0\u00a0\u00a0\u00a0\u00a0\u00a0\u00a0\u00a0\u00a0\u00a0\u00a0\u00a0\u00a0\u00a0\u00a0\u00a0\u00a0\u00a0\u00a0\u00a0\u00a0\u00a0\u00a0\u00a0\u00a0\u00a0\u00a0\u00a0\u00a0\u00a0\u00a0\u00a0\u00a0\u00a0\u00a0\u00a0\u00a0\u00a0\u00a0\u00a0\u00a0\u00a0\u00a0\u00a0\u00a0\u00a0\u00a0\u00a0\u00a0\u00a0\u00a0\u00a0\u00a0\u00a0\u00a0\u00a0\u00a0\u00a0\u00a0\u00a0\u00a0\u00a0\u00a0\u00a0\u00a0\u00a0\u00a0\u00a0\u00a0\u00a0\u00a0\u00a0\u00a0\u00a0\u00a0\u00a0\u00a0\u00a0\u00a0\u00a0\u00a0\u00a0\u00a0\u00a0\u00a0\u00a0\u00a0\u00a0\u00a0\u00a0\u00a0 Bis 1945 wurden in das Zuchtbuch des KfT (Klub f\u00fcr Terrier) lediglich 52 Dandie Dinmont Terrier eingetragen, 44 Dandies aus deutscher Zucht und 8 &hellip;\" \/>\n<meta property=\"og:url\" content=\"https:\/\/dandie-dinmont.de\/wp\/weltweit\/europa\/deutschland\/\" \/>\n<meta property=\"article:publisher\" content=\"https:\/\/www.facebook.com\/manfred.rosenbaum.GermanDandies\" \/>\n<meta property=\"article:modified_time\" content=\"2023-05-15T13:16:46+00:00\" \/>\n<meta property=\"og:image\" content=\"http:\/\/dandie-dinmont.de\/wp\/wp-content\/uploads\/2013\/10\/0_deutschland-300x261.jpg\" \/>\n<meta name=\"twitter:card\" content=\"summary\" \/>\n<meta name=\"twitter:label1\" content=\"Gesch\u00e4tzte Lesezeit\" \/>\n\t<meta name=\"twitter:data1\" content=\"4\u00a0Minuten\" \/>\n<script type=\"application\/ld+json\" class=\"yoast-schema-graph\">{\"@context\":\"https:\/\/schema.org\",\"@graph\":[{\"@type\":\"WebSite\",\"@id\":\"https:\/\/dandie-dinmont.de\/wp\/#website\",\"url\":\"https:\/\/dandie-dinmont.de\/wp\/\",\"name\":\"\",\"description\":\"Dandie Dinmont Terrier\",\"potentialAction\":[{\"@type\":\"SearchAction\",\"target\":{\"@type\":\"EntryPoint\",\"urlTemplate\":\"https:\/\/dandie-dinmont.de\/wp\/?s={search_term_string}\"},\"query-input\":\"required name=search_term_string\"}],\"inLanguage\":\"de\"},{\"@type\":\"ImageObject\",\"@id\":\"https:\/\/dandie-dinmont.de\/wp\/weltweit\/europa\/deutschland\/#primaryimage\",\"inLanguage\":\"de\",\"url\":\"http:\/\/dandie-dinmont.de\/wp\/wp-content\/uploads\/2013\/10\/0_deutschland-300x261.jpg\",\"contentUrl\":\"http:\/\/dandie-dinmont.de\/wp\/wp-content\/uploads\/2013\/10\/0_deutschland-300x261.jpg\"},{\"@type\":\"WebPage\",\"@id\":\"https:\/\/dandie-dinmont.de\/wp\/weltweit\/europa\/deutschland\/#webpage\",\"url\":\"https:\/\/dandie-dinmont.de\/wp\/weltweit\/europa\/deutschland\/\",\"name\":\"Deutschland -\",\"isPartOf\":{\"@id\":\"https:\/\/dandie-dinmont.de\/wp\/#website\"},\"primaryImageOfPage\":{\"@id\":\"https:\/\/dandie-dinmont.de\/wp\/weltweit\/europa\/deutschland\/#primaryimage\"},\"datePublished\":\"2013-10-31T15:56:36+00:00\",\"dateModified\":\"2023-05-15T13:16:46+00:00\",\"breadcrumb\":{\"@id\":\"https:\/\/dandie-dinmont.de\/wp\/weltweit\/europa\/deutschland\/#breadcrumb\"},\"inLanguage\":\"de\",\"potentialAction\":[{\"@type\":\"ReadAction\",\"target\":[\"https:\/\/dandie-dinmont.de\/wp\/weltweit\/europa\/deutschland\/\"]}]},{\"@type\":\"BreadcrumbList\",\"@id\":\"https:\/\/dandie-dinmont.de\/wp\/weltweit\/europa\/deutschland\/#breadcrumb\",\"itemListElement\":[{\"@type\":\"ListItem\",\"position\":1,\"name\":\"Home\",\"item\":\"https:\/\/dandie-dinmont.de\/wp\/\"},{\"@type\":\"ListItem\",\"position\":2,\"name\":\"Weltweit\",\"item\":\"https:\/\/dandie-dinmont.de\/wp\/weltweit\/\"},{\"@type\":\"ListItem\",\"position\":3,\"name\":\"Europa\",\"item\":\"https:\/\/dandie-dinmont.de\/wp\/weltweit\/europa\/\"},{\"@type\":\"ListItem\",\"position\":4,\"name\":\"Deutschland\"}]}]}<\/script>\n<!-- \/ Yoast SEO plugin. -->","yoast_head_json":{"title":"Deutschland -","robots":{"index":"index","follow":"follow","max-snippet":"max-snippet:-1","max-image-preview":"max-image-preview:large","max-video-preview":"max-video-preview:-1"},"canonical":"https:\/\/dandie-dinmont.de\/wp\/weltweit\/europa\/deutschland\/","og_locale":"de_DE","og_type":"article","og_title":"Deutschland -","og_description":"Historie\u00a0\u00a0\u00a0\u00a0\u00a0\u00a0\u00a0\u00a0\u00a0\u00a0\u00a0\u00a0\u00a0\u00a0\u00a0\u00a0\u00a0\u00a0\u00a0\u00a0\u00a0\u00a0\u00a0\u00a0\u00a0\u00a0\u00a0\u00a0\u00a0\u00a0\u00a0\u00a0\u00a0\u00a0\u00a0\u00a0\u00a0\u00a0\u00a0\u00a0\u00a0\u00a0\u00a0\u00a0\u00a0\u00a0\u00a0\u00a0\u00a0\u00a0\u00a0\u00a0\u00a0\u00a0\u00a0\u00a0\u00a0\u00a0\u00a0\u00a0\u00a0\u00a0\u00a0\u00a0\u00a0\u00a0\u00a0\u00a0\u00a0\u00a0\u00a0\u00a0\u00a0\u00a0\u00a0\u00a0\u00a0\u00a0\u00a0\u00a0\u00a0\u00a0\u00a0\u00a0\u00a0\u00a0\u00a0\u00a0\u00a0\u00a0\u00a0\u00a0\u00a0\u00a0\u00a0\u00a0\u00a0\u00a0\u00a0\u00a0\u00a0\u00a0\u00a0\u00a0\u00a0\u00a0\u00a0\u00a0\u00a0\u00a0\u00a0\u00a0\u00a0\u00a0\u00a0\u00a0\u00a0\u00a0\u00a0\u00a0\u00a0\u00a0\u00a0\u00a0\u00a0\u00a0\u00a0\u00a0\u00a0\u00a0\u00a0\u00a0\u00a0\u00a0\u00a0\u00a0\u00a0\u00a0\u00a0\u00a0\u00a0\u00a0\u00a0\u00a0\u00a0\u00a0\u00a0\u00a0\u00a0\u00a0\u00a0\u00a0\u00a0\u00a0\u00a0\u00a0\u00a0\u00a0\u00a0\u00a0\u00a0\u00a0\u00a0\u00a0\u00a0\u00a0\u00a0\u00a0\u00a0\u00a0\u00a0\u00a0\u00a0\u00a0\u00a0\u00a0\u00a0\u00a0\u00a0\u00a0\u00a0\u00a0\u00a0\u00a0\u00a0\u00a0\u00a0\u00a0\u00a0\u00a0\u00a0\u00a0\u00a0\u00a0\u00a0\u00a0\u00a0\u00a0\u00a0\u00a0\u00a0\u00a0\u00a0\u00a0\u00a0\u00a0\u00a0\u00a0\u00a0\u00a0\u00a0\u00a0\u00a0\u00a0\u00a0\u00a0\u00a0\u00a0\u00a0\u00a0\u00a0\u00a0\u00a0\u00a0\u00a0\u00a0\u00a0\u00a0\u00a0\u00a0 Bis 1945 wurden in das Zuchtbuch des KfT (Klub f\u00fcr Terrier) lediglich 52 Dandie Dinmont Terrier eingetragen, 44 Dandies aus deutscher Zucht und 8 &hellip;","og_url":"https:\/\/dandie-dinmont.de\/wp\/weltweit\/europa\/deutschland\/","article_publisher":"https:\/\/www.facebook.com\/manfred.rosenbaum.GermanDandies","article_modified_time":"2023-05-15T13:16:46+00:00","og_image":[{"url":"http:\/\/dandie-dinmont.de\/wp\/wp-content\/uploads\/2013\/10\/0_deutschland-300x261.jpg"}],"twitter_card":"summary","twitter_misc":{"Gesch\u00e4tzte Lesezeit":"4\u00a0Minuten"},"schema":{"@context":"https:\/\/schema.org","@graph":[{"@type":"WebSite","@id":"https:\/\/dandie-dinmont.de\/wp\/#website","url":"https:\/\/dandie-dinmont.de\/wp\/","name":"","description":"Dandie Dinmont Terrier","potentialAction":[{"@type":"SearchAction","target":{"@type":"EntryPoint","urlTemplate":"https:\/\/dandie-dinmont.de\/wp\/?s={search_term_string}"},"query-input":"required name=search_term_string"}],"inLanguage":"de"},{"@type":"ImageObject","@id":"https:\/\/dandie-dinmont.de\/wp\/weltweit\/europa\/deutschland\/#primaryimage","inLanguage":"de","url":"http:\/\/dandie-dinmont.de\/wp\/wp-content\/uploads\/2013\/10\/0_deutschland-300x261.jpg","contentUrl":"http:\/\/dandie-dinmont.de\/wp\/wp-content\/uploads\/2013\/10\/0_deutschland-300x261.jpg"},{"@type":"WebPage","@id":"https:\/\/dandie-dinmont.de\/wp\/weltweit\/europa\/deutschland\/#webpage","url":"https:\/\/dandie-dinmont.de\/wp\/weltweit\/europa\/deutschland\/","name":"Deutschland -","isPartOf":{"@id":"https:\/\/dandie-dinmont.de\/wp\/#website"},"primaryImageOfPage":{"@id":"https:\/\/dandie-dinmont.de\/wp\/weltweit\/europa\/deutschland\/#primaryimage"},"datePublished":"2013-10-31T15:56:36+00:00","dateModified":"2023-05-15T13:16:46+00:00","breadcrumb":{"@id":"https:\/\/dandie-dinmont.de\/wp\/weltweit\/europa\/deutschland\/#breadcrumb"},"inLanguage":"de","potentialAction":[{"@type":"ReadAction","target":["https:\/\/dandie-dinmont.de\/wp\/weltweit\/europa\/deutschland\/"]}]},{"@type":"BreadcrumbList","@id":"https:\/\/dandie-dinmont.de\/wp\/weltweit\/europa\/deutschland\/#breadcrumb","itemListElement":[{"@type":"ListItem","position":1,"name":"Home","item":"https:\/\/dandie-dinmont.de\/wp\/"},{"@type":"ListItem","position":2,"name":"Weltweit","item":"https:\/\/dandie-dinmont.de\/wp\/weltweit\/"},{"@type":"ListItem","position":3,"name":"Europa","item":"https:\/\/dandie-dinmont.de\/wp\/weltweit\/europa\/"},{"@type":"ListItem","position":4,"name":"Deutschland"}]}]}},"_links":{"self":[{"href":"https:\/\/dandie-dinmont.de\/wp\/wp-json\/wp\/v2\/pages\/201"}],"collection":[{"href":"https:\/\/dandie-dinmont.de\/wp\/wp-json\/wp\/v2\/pages"}],"about":[{"href":"https:\/\/dandie-dinmont.de\/wp\/wp-json\/wp\/v2\/types\/page"}],"author":[{"embeddable":true,"href":"https:\/\/dandie-dinmont.de\/wp\/wp-json\/wp\/v2\/users\/2"}],"replies":[{"embeddable":true,"href":"https:\/\/dandie-dinmont.de\/wp\/wp-json\/wp\/v2\/comments?post=201"}],"version-history":[{"count":35,"href":"https:\/\/dandie-dinmont.de\/wp\/wp-json\/wp\/v2\/pages\/201\/revisions"}],"predecessor-version":[{"id":19816,"href":"https:\/\/dandie-dinmont.de\/wp\/wp-json\/wp\/v2\/pages\/201\/revisions\/19816"}],"up":[{"embeddable":true,"href":"https:\/\/dandie-dinmont.de\/wp\/wp-json\/wp\/v2\/pages\/196"}],"wp:attachment":[{"href":"https:\/\/dandie-dinmont.de\/wp\/wp-json\/wp\/v2\/media?parent=201"}],"curies":[{"name":"wp","href":"https:\/\/api.w.org\/{rel}","templated":true}]}}