{"id":1767,"date":"2013-11-19T23:03:51","date_gmt":"2013-11-19T21:03:51","guid":{"rendered":"http:\/\/dandie-dinmont.de\/wp\/?page_id=1767"},"modified":"2023-06-05T15:41:16","modified_gmt":"2023-06-05T13:41:16","slug":"reisen-mit-dandies","status":"publish","type":"page","link":"https:\/\/dandie-dinmont.de\/wp\/unterhaltung\/reisen-mit-dandies\/","title":{"rendered":"Schottland, eine Reise in die Vergangenheit"},"content":{"rendered":"<p><!------------------------------------------------------------------><\/p>\n<p><!----- Site by \u00a91998-2001 DandieOnline - All rights reserved! -----><!----- http:\/\/www.dandie-dinmont.de --- info@dandie-dinmont.de ----><!------------------------------------------------------------------><\/p>\n<p><img loading=\"lazy\" class=\"aligncenter wp-image-2804\" src=\"https:\/\/dandie-dinmont.de\/wp\/wp-content\/uploads\/2013\/11\/schottland_e.jpg\" alt=\"schottland_e\" width=\"300\" height=\"116\" srcset=\"https:\/\/dandie-dinmont.de\/wp\/wp-content\/uploads\/2013\/11\/schottland_e.jpg 300w, https:\/\/dandie-dinmont.de\/wp\/wp-content\/uploads\/2013\/11\/schottland_e-150x58.jpg 150w\" sizes=\"(max-width: 300px) 100vw, 300px\" \/><\/p>\n<p><a href=\"https:\/\/dandie-dinmont.de\/wp\/wp-content\/uploads\/2013\/12\/trachtengr.jpg\"><img loading=\"lazy\" class=\"size-medium wp-image-2792 alignleft\" src=\"https:\/\/dandie-dinmont.de\/wp\/wp-content\/uploads\/2013\/12\/trachtengr-300x186.jpg\" alt=\"trachtengr\" width=\"300\" height=\"186\" srcset=\"https:\/\/dandie-dinmont.de\/wp\/wp-content\/uploads\/2013\/12\/trachtengr-300x186.jpg 300w, https:\/\/dandie-dinmont.de\/wp\/wp-content\/uploads\/2013\/12\/trachtengr-150x93.jpg 150w, https:\/\/dandie-dinmont.de\/wp\/wp-content\/uploads\/2013\/12\/trachtengr.jpg 588w\" sizes=\"(max-width: 300px) 100vw, 300px\" \/><\/a><strong><span style=\"font-size: large;\">Ein besonderes Erlebnis war<br \/>\nim Jahre 2000<br \/>\nunsere &#8218;Reise in die Vergangenheit&#8216;<br \/>\n<\/span><\/strong><\/p>\n<p style=\"text-align: justify;\">Genau 125 Jahre nach Gr\u00fcndung des Dandie Dinmont Terrier Club (D.D.T.C.) waren alle Mitglieder und Freunde des Clubs und unserer Rasse eingeladen an den Ort der damaligen Gr\u00fcndung des D.D.T.C und damit gleichzeitig auch an die Wurzeln unseres heutigen Dandie Dinmont Terrier zur\u00fcckzukehren.<\/p>\n<p style=\"text-align: justify;\">Gerne sind wir der Einladung gefolgt, die Jubil\u00e4umsveranstaltung und die Clubschau zu besuchen und vor allem die historischen St\u00e4tten, zu denen es eine enge Beziehung in der Entstehungsgeschichte des Dandie Dinmont Terriers, der in seiner ersten Zeit Pepper- und Mustard-Dog genannt wurde, gibt.<\/p>\n<p style=\"text-align: justify;\">Carlisle, im \u00e4u\u00dfersten Norden Englands, unmittelbar an der schottischen Grenze gelegen, war unser Ziel, welches wir am Freitag Abend dem 21. Juli 2000 m\u00fcde aber gl\u00fccklich erreichten. Und hier beginnt unsere Geschichte, von der wir hier berichten m\u00f6chten.<\/p>\n","protected":false},"excerpt":{"rendered":"<p>Ein besonderes Erlebnis war im Jahre 2000 unsere &#8218;Reise in die Vergangenheit&#8216; Genau 125 Jahre nach Gr\u00fcndung des Dandie Dinmont Terrier Club (D.D.T.C.) waren alle &hellip;<\/p>\n","protected":false},"author":2,"featured_media":0,"parent":105,"menu_order":13,"comment_status":"closed","ping_status":"closed","template":"","meta":{"_links_to":"","_links_to_target":""},"yoast_head":"<!-- This site is optimized with the Yoast SEO plugin v17.2.1 - https:\/\/yoast.com\/wordpress\/plugins\/seo\/ -->\n<title>Schottland, eine Reise in die Vergangenheit -<\/title>\n<meta name=\"robots\" content=\"index, follow, max-snippet:-1, max-image-preview:large, max-video-preview:-1\" \/>\n<link rel=\"canonical\" href=\"https:\/\/dandie-dinmont.de\/wp\/unterhaltung\/reisen-mit-dandies\/\" \/>\n<meta property=\"og:locale\" content=\"de_DE\" \/>\n<meta property=\"og:type\" content=\"article\" \/>\n<meta property=\"og:title\" content=\"Schottland, eine Reise in die Vergangenheit -\" \/>\n<meta property=\"og:description\" content=\"Ein besonderes Erlebnis war im Jahre 2000 unsere &#8218;Reise in die Vergangenheit&#8216; Genau 125 Jahre nach Gr\u00fcndung des Dandie Dinmont Terrier Club (D.D.T.C.) waren alle &hellip;\" \/>\n<meta property=\"og:url\" content=\"https:\/\/dandie-dinmont.de\/wp\/unterhaltung\/reisen-mit-dandies\/\" \/>\n<meta property=\"article:publisher\" content=\"https:\/\/www.facebook.com\/manfred.rosenbaum.GermanDandies\" \/>\n<meta property=\"article:modified_time\" content=\"2023-06-05T13:41:16+00:00\" \/>\n<meta property=\"og:image\" content=\"http:\/\/dandie-dinmont.de\/wp\/wp-content\/uploads\/2013\/11\/schottland_e.jpg\" \/>\n<meta name=\"twitter:card\" content=\"summary\" \/>\n<meta name=\"twitter:label1\" content=\"Gesch\u00e4tzte Lesezeit\" \/>\n\t<meta name=\"twitter:data1\" content=\"1\u00a0Minute\" \/>\n<script type=\"application\/ld+json\" class=\"yoast-schema-graph\">{\"@context\":\"https:\/\/schema.org\",\"@graph\":[{\"@type\":\"WebSite\",\"@id\":\"https:\/\/dandie-dinmont.de\/wp\/#website\",\"url\":\"https:\/\/dandie-dinmont.de\/wp\/\",\"name\":\"\",\"description\":\"Dandie Dinmont Terrier\",\"potentialAction\":[{\"@type\":\"SearchAction\",\"target\":{\"@type\":\"EntryPoint\",\"urlTemplate\":\"https:\/\/dandie-dinmont.de\/wp\/?s={search_term_string}\"},\"query-input\":\"required name=search_term_string\"}],\"inLanguage\":\"de\"},{\"@type\":\"ImageObject\",\"@id\":\"https:\/\/dandie-dinmont.de\/wp\/unterhaltung\/reisen-mit-dandies\/#primaryimage\",\"inLanguage\":\"de\",\"url\":\"http:\/\/dandie-dinmont.de\/wp\/wp-content\/uploads\/2013\/11\/schottland_e.jpg\",\"contentUrl\":\"http:\/\/dandie-dinmont.de\/wp\/wp-content\/uploads\/2013\/11\/schottland_e.jpg\"},{\"@type\":\"WebPage\",\"@id\":\"https:\/\/dandie-dinmont.de\/wp\/unterhaltung\/reisen-mit-dandies\/#webpage\",\"url\":\"https:\/\/dandie-dinmont.de\/wp\/unterhaltung\/reisen-mit-dandies\/\",\"name\":\"Schottland, eine Reise in die Vergangenheit -\",\"isPartOf\":{\"@id\":\"https:\/\/dandie-dinmont.de\/wp\/#website\"},\"primaryImageOfPage\":{\"@id\":\"https:\/\/dandie-dinmont.de\/wp\/unterhaltung\/reisen-mit-dandies\/#primaryimage\"},\"datePublished\":\"2013-11-19T21:03:51+00:00\",\"dateModified\":\"2023-06-05T13:41:16+00:00\",\"breadcrumb\":{\"@id\":\"https:\/\/dandie-dinmont.de\/wp\/unterhaltung\/reisen-mit-dandies\/#breadcrumb\"},\"inLanguage\":\"de\",\"potentialAction\":[{\"@type\":\"ReadAction\",\"target\":[\"https:\/\/dandie-dinmont.de\/wp\/unterhaltung\/reisen-mit-dandies\/\"]}]},{\"@type\":\"BreadcrumbList\",\"@id\":\"https:\/\/dandie-dinmont.de\/wp\/unterhaltung\/reisen-mit-dandies\/#breadcrumb\",\"itemListElement\":[{\"@type\":\"ListItem\",\"position\":1,\"name\":\"Home\",\"item\":\"https:\/\/dandie-dinmont.de\/wp\/\"},{\"@type\":\"ListItem\",\"position\":2,\"name\":\"Unterhaltung\",\"item\":\"https:\/\/dandie-dinmont.de\/wp\/unterhaltung\/\"},{\"@type\":\"ListItem\",\"position\":3,\"name\":\"Schottland, eine Reise in die Vergangenheit\"}]}]}<\/script>\n<!-- \/ Yoast SEO plugin. -->","yoast_head_json":{"title":"Schottland, eine Reise in die Vergangenheit -","robots":{"index":"index","follow":"follow","max-snippet":"max-snippet:-1","max-image-preview":"max-image-preview:large","max-video-preview":"max-video-preview:-1"},"canonical":"https:\/\/dandie-dinmont.de\/wp\/unterhaltung\/reisen-mit-dandies\/","og_locale":"de_DE","og_type":"article","og_title":"Schottland, eine Reise in die Vergangenheit -","og_description":"Ein besonderes Erlebnis war im Jahre 2000 unsere &#8218;Reise in die Vergangenheit&#8216; Genau 125 Jahre nach Gr\u00fcndung des Dandie Dinmont Terrier Club (D.D.T.C.) waren alle &hellip;","og_url":"https:\/\/dandie-dinmont.de\/wp\/unterhaltung\/reisen-mit-dandies\/","article_publisher":"https:\/\/www.facebook.com\/manfred.rosenbaum.GermanDandies","article_modified_time":"2023-06-05T13:41:16+00:00","og_image":[{"url":"http:\/\/dandie-dinmont.de\/wp\/wp-content\/uploads\/2013\/11\/schottland_e.jpg"}],"twitter_card":"summary","twitter_misc":{"Gesch\u00e4tzte Lesezeit":"1\u00a0Minute"},"schema":{"@context":"https:\/\/schema.org","@graph":[{"@type":"WebSite","@id":"https:\/\/dandie-dinmont.de\/wp\/#website","url":"https:\/\/dandie-dinmont.de\/wp\/","name":"","description":"Dandie Dinmont Terrier","potentialAction":[{"@type":"SearchAction","target":{"@type":"EntryPoint","urlTemplate":"https:\/\/dandie-dinmont.de\/wp\/?s={search_term_string}"},"query-input":"required name=search_term_string"}],"inLanguage":"de"},{"@type":"ImageObject","@id":"https:\/\/dandie-dinmont.de\/wp\/unterhaltung\/reisen-mit-dandies\/#primaryimage","inLanguage":"de","url":"http:\/\/dandie-dinmont.de\/wp\/wp-content\/uploads\/2013\/11\/schottland_e.jpg","contentUrl":"http:\/\/dandie-dinmont.de\/wp\/wp-content\/uploads\/2013\/11\/schottland_e.jpg"},{"@type":"WebPage","@id":"https:\/\/dandie-dinmont.de\/wp\/unterhaltung\/reisen-mit-dandies\/#webpage","url":"https:\/\/dandie-dinmont.de\/wp\/unterhaltung\/reisen-mit-dandies\/","name":"Schottland, eine Reise in die Vergangenheit -","isPartOf":{"@id":"https:\/\/dandie-dinmont.de\/wp\/#website"},"primaryImageOfPage":{"@id":"https:\/\/dandie-dinmont.de\/wp\/unterhaltung\/reisen-mit-dandies\/#primaryimage"},"datePublished":"2013-11-19T21:03:51+00:00","dateModified":"2023-06-05T13:41:16+00:00","breadcrumb":{"@id":"https:\/\/dandie-dinmont.de\/wp\/unterhaltung\/reisen-mit-dandies\/#breadcrumb"},"inLanguage":"de","potentialAction":[{"@type":"ReadAction","target":["https:\/\/dandie-dinmont.de\/wp\/unterhaltung\/reisen-mit-dandies\/"]}]},{"@type":"BreadcrumbList","@id":"https:\/\/dandie-dinmont.de\/wp\/unterhaltung\/reisen-mit-dandies\/#breadcrumb","itemListElement":[{"@type":"ListItem","position":1,"name":"Home","item":"https:\/\/dandie-dinmont.de\/wp\/"},{"@type":"ListItem","position":2,"name":"Unterhaltung","item":"https:\/\/dandie-dinmont.de\/wp\/unterhaltung\/"},{"@type":"ListItem","position":3,"name":"Schottland, eine Reise in die Vergangenheit"}]}]}},"_links":{"self":[{"href":"https:\/\/dandie-dinmont.de\/wp\/wp-json\/wp\/v2\/pages\/1767"}],"collection":[{"href":"https:\/\/dandie-dinmont.de\/wp\/wp-json\/wp\/v2\/pages"}],"about":[{"href":"https:\/\/dandie-dinmont.de\/wp\/wp-json\/wp\/v2\/types\/page"}],"author":[{"embeddable":true,"href":"https:\/\/dandie-dinmont.de\/wp\/wp-json\/wp\/v2\/users\/2"}],"replies":[{"embeddable":true,"href":"https:\/\/dandie-dinmont.de\/wp\/wp-json\/wp\/v2\/comments?post=1767"}],"version-history":[{"count":25,"href":"https:\/\/dandie-dinmont.de\/wp\/wp-json\/wp\/v2\/pages\/1767\/revisions"}],"predecessor-version":[{"id":20112,"href":"https:\/\/dandie-dinmont.de\/wp\/wp-json\/wp\/v2\/pages\/1767\/revisions\/20112"}],"up":[{"embeddable":true,"href":"https:\/\/dandie-dinmont.de\/wp\/wp-json\/wp\/v2\/pages\/105"}],"wp:attachment":[{"href":"https:\/\/dandie-dinmont.de\/wp\/wp-json\/wp\/v2\/media?parent=1767"}],"curies":[{"name":"wp","href":"https:\/\/api.w.org\/{rel}","templated":true}]}}